{"id":5402,"date":"2025-01-21T16:25:59","date_gmt":"2025-01-21T15:25:59","guid":{"rendered":"https:\/\/azvitrine.ecdev.fr\/?page_id=5402"},"modified":"2025-09-24T15:40:23","modified_gmt":"2025-09-24T13:40:23","slug":"mentions-legales","status":"publish","type":"page","link":"https:\/\/www.azureva-vacances.com\/fr\/mentions-legales\/","title":{"rendered":"Mentions l\u00e9gales"},"content":{"rendered":"\t\t<div data-elementor-type=\"wp-page\" data-elementor-id=\"5402\" class=\"elementor elementor-5402\" data-elementor-post-type=\"page\">\n\t\t\t\t<div class=\"elementor-element elementor-element-d4af9f2 e-con-full e-flex e-con e-parent\" data-id=\"d4af9f2\" data-element_type=\"container\" data-e-type=\"container\" data-settings=\"{&quot;jet_parallax_layout_list&quot;:[],&quot;background_background&quot;:&quot;classic&quot;}\">\n\t\t\t\t<div class=\"elementor-element elementor-element-37054e8 elementor-align-center elementor-widget elementor-widget-raven-heading\" data-id=\"37054e8\" data-element_type=\"widget\" data-e-type=\"widget\" data-widget_type=\"raven-heading.default\">\n\t\t\t\t<div class=\"elementor-widget-container\">\n\t\t\t\t\t\t\t<div class=\"raven-widget-wrapper\"><h1 class=\"raven-heading raven-heading-h1\"><span class=\"raven-heading-title \">Mentions<br><b> l\u00e9gales<\/b><\/span><\/h1><\/div>\n\t\t\t\t\t\t<\/div>\n\t\t\t\t<\/div>\n\t\t\t\t<\/div>\n\t\t<div class=\"elementor-element elementor-element-8e14094 e-con-full e-flex e-con e-parent\" data-id=\"8e14094\" data-element_type=\"container\" data-e-type=\"container\" data-settings=\"{&quot;jet_parallax_layout_list&quot;:[]}\">\n\t\t\t\t<div class=\"elementor-element elementor-element-b0b982c elementor-widget elementor-widget-template\" data-id=\"b0b982c\" data-element_type=\"widget\" data-e-type=\"widget\" data-widget_type=\"template.default\">\n\t\t\t\t<div class=\"elementor-widget-container\">\n\t\t\t\t\t\t\t<div class=\"elementor-template\">\n\t\t\t\t\t<div data-elementor-type=\"container\" data-elementor-id=\"1114\" class=\"elementor elementor-1114\" data-elementor-post-type=\"elementor_library\">\n\t\t\t\t<div class=\"elementor-element elementor-element-3c75a42e e-con-full e-flex e-con e-child\" data-id=\"3c75a42e\" data-element_type=\"container\" data-e-type=\"container\" data-settings=\"{&quot;jet_parallax_layout_list&quot;:[],&quot;background_background&quot;:&quot;classic&quot;}\">\n\t\t\t\t<div class=\"elementor-element elementor-element-bf4d2f3 elementor-widget elementor-widget-breadcrumbs\" data-id=\"bf4d2f3\" data-element_type=\"widget\" data-e-type=\"widget\" data-widget_type=\"breadcrumbs.default\">\n\t\t\t\t<div class=\"elementor-widget-container\">\n\t\t\t\t\t<p id=\"breadcrumbs\"><span><span><a href=\"https:\/\/www.azureva-vacances.com\/fr\/\">Accueil<\/a><\/span><\/span><\/p>\t\t\t\t<\/div>\n\t\t\t\t<\/div>\n\t\t\t\t<\/div>\n\t\t\t\t<\/div>\n\t\t\t\t<\/div>\n\t\t\t\t\t\t<\/div>\n\t\t\t\t<\/div>\n\t\t\t\t<\/div>\n\t\t<div class=\"elementor-element elementor-element-540e954 e-grid e-con-boxed e-con e-parent\" data-id=\"540e954\" data-element_type=\"container\" data-e-type=\"container\" data-settings=\"{&quot;jet_parallax_layout_list&quot;:[]}\">\n\t\t\t\t\t<div class=\"e-con-inner\">\n\t\t\t\t<div class=\"elementor-element elementor-element-a3875bb elementor-widget elementor-widget-image\" data-id=\"a3875bb\" data-element_type=\"widget\" data-e-type=\"widget\" data-widget_type=\"image.default\">\n\t\t\t\t<div class=\"elementor-widget-container\">\n\t\t\t\t\t\t\t\t\t\t\t\t\t\t\t<img loading=\"lazy\" decoding=\"async\" width=\"820\" height=\"400\" src=\"https:\/\/www.azureva-vacances.com\/wp-content\/uploads\/2025\/02\/mentions-legales-azureva.jpg\" class=\"attachment-large size-large wp-image-14543\" alt=\"les mentions l\u00e9gales Azureva\" srcset=\"https:\/\/www.azureva-vacances.com\/wp-content\/uploads\/2025\/02\/mentions-legales-azureva-mobile.avif 420w\" sizes=\"auto, (max-width: 420px) 100vw, 100vw\" loading=\"lazy\" \/>\t\t\t\t\t\t\t\t\t\t\t\t\t\t\t<\/div>\n\t\t\t\t<\/div>\n\t\t\t\t<div class=\"elementor-element elementor-element-ca44f8c elementor-widget elementor-widget-text-editor\" data-id=\"ca44f8c\" data-element_type=\"widget\" data-e-type=\"widget\" data-widget_type=\"text-editor.default\">\n\t\t\t\t<div class=\"elementor-widget-container\">\n\t\t\t\t\t\t\t\t\t<h2 style=\"color: #3d3d3d; text-transform: none; word-spacing: 0px;\" data-elementor-setting-key=\"title\" data-pen-placeholder=\"\u00c9crivez ici...\">Informations l\u00e9gales<\/h2><p>Ce site\u00a0www.azureva-vacances.com\u00a0et l\u2019ensemble de ses sous-domaines sont \u00e9dit\u00e9s par\u00a0Azureva, association loi du 1er juillet 1901, d\u00e9clar\u00e9e \u00e0 la Pr\u00e9fecture de l\u2019Ain le 17 juillet 1969 sous le num\u00e9ro 0012003571, immatricul\u00e9e au R\u00e9pertoire SIRENE sous le N\u00b0 322 958 885, et dont le n\u00b0 de TVA intracommunautaire est FR24322958885.<\/p>\t\t\t\t\t\t\t\t<\/div>\n\t\t\t\t<\/div>\n\t\t\t\t\t<\/div>\n\t\t\t\t<\/div>\n\t\t<div class=\"elementor-element elementor-element-3fbf66c e-grid e-con-boxed e-con e-parent\" data-id=\"3fbf66c\" data-element_type=\"container\" data-e-type=\"container\" data-settings=\"{&quot;jet_parallax_layout_list&quot;:[]}\">\n\t\t\t\t\t<div class=\"e-con-inner\">\n\t\t\t\t<div class=\"elementor-element elementor-element-f01c199 elementor-widget elementor-widget-text-editor\" data-id=\"f01c199\" data-element_type=\"widget\" data-e-type=\"widget\" data-widget_type=\"text-editor.default\">\n\t\t\t\t<div class=\"elementor-widget-container\">\n\t\t\t\t\t\t\t\t\t<p><strong><span style=\"min-height: 0px; min-width: 0px;\">Si\u00e8ge social\u00a0<\/span><\/strong><\/p><p>Azureva<br style=\"min-height: 0px; min-width: 0px;\" \/>52, rue du Peloux &#8211; BP 40307<br style=\"min-height: 0px; min-width: 0px;\" \/>010011 Bourg-en-Bresse Cedex, France<br style=\"min-height: 0px; min-width: 0px;\" \/>T\u00e9l : 04 84 311 311 (prix d&#8217;un appel local).<br style=\"min-height: 0px; min-width: 0px;\" \/>contact@azureva-vacances.com<\/p><p>Directeur de Publication : Olivier MERCOLI<\/p><p>Azureva est inscrite au registre des agents de voyage et autres op\u00e9rateurs de s\u00e9jour sous le n\u00b0IM001110004.<br style=\"min-height: 0px; min-width: 0px;\" \/>Garant : U.N.A.T. \u2013 8 rue C\u00e9sar Franck \u2013 75015 PARIS.<br style=\"min-height: 0px; min-width: 0px;\" \/>Assureur Responsabilit\u00e9 Civile Professionnelle : Police N\u00b0 AN 801 773, GENERALI &#8211; 2 rue Pillet Will \u2013 75009 Paris.<br style=\"min-height: 0px; min-width: 0px;\" \/>Assureur Responsabilit\u00e9 Civile Tourisme (articles R211 et suivants) : Police N\u00b0 AN 801 608, GENERALI &#8211; 2 rue Pillet Will \u2013 75009 Paris.<\/p><p><strong><span style=\"min-height: 0px; min-width: 0px;\">INFORMATIONS H\u00c9BERGEUR<\/span><\/strong><\/p><p>Ce site et l\u2019ensemble de ses sous-domaines sont h\u00e9berg\u00e9s par :<\/p><p>Infomaniak Network SA<br \/><span style=\"color: var( --e-global-color-text ); text-align: var(--text-align);\">Rue Eug\u00e8ne Marziano 25 &#8211;\u00a0<\/span><span style=\"color: var( --e-global-color-text ); text-align: var(--text-align);\">1227 Les Acacias (GE) &#8211;\u00a0<\/span><span style=\"color: var( --e-global-color-text ); text-align: var(--text-align);\">SUISSE<\/span><\/p><p><span style=\"color: var( --e-global-color-text ); text-align: var(--text-align);\">Registre du commerce du canton de Gen\u00e8ve CH-660.0.059.996-1<br \/><\/span><span style=\"color: var( --e-global-color-text ); text-align: var(--text-align);\">Num\u00e9ro IDE CHE-103.167.648<br \/><\/span><span style=\"color: var( --e-global-color-text ); text-align: var(--text-align);\">Num\u00e9ro TVA CHE-185.477.109<\/span><\/p><p><span style=\"color: var( --e-global-color-text ); text-align: var(--text-align);\">Contact https:\/\/www.infomaniak.com\/fr\/aide<\/span><\/p><p><strong>CONDITIONS GENERALES D\u2019UTILISATION<\/strong><\/p><p>L&#8217;utilisateur reconna\u00eet avoir pris connaissance des pr\u00e9sentes conditions g\u00e9n\u00e9rales d&#8217;utilisation et s&#8217;engage \u00e0 les respecter. Azureva se r\u00e9serve le droit de modifier la pr\u00e9sente notice \u00e0 tout moment. L&#8217;utilisateur s&#8217;engage donc \u00e0 la consulter r\u00e9guli\u00e8rement. Dans l&#8217;hypoth\u00e8se o\u00f9 vous acc\u00e9deriez au site d\u2019Azureva \u00e0 partir d&#8217;un autre Etat que la France, vous vous engagez \u00e0 vous assurer \u00e9galement du respect de la l\u00e9gislation localement applicable.<\/p><p><strong>INFORMATIQUE ET LIBERT\u00c9S<\/strong><\/p><p>Pour en savoir plus sur la Politique d\u2019Azureva en mati\u00e8re de protection des donn\u00e9es personnelles de ses clients, veuillez consulter la Politique de Protection des Donn\u00e9es Personnelles des Clients.<\/p><p><strong>DROITS D&#8217;AUTEUR \/ COPYRIGHT<\/strong><\/p><p>La pr\u00e9sentation et chacun des \u00e9l\u00e9ments, y compris le nom de domaine, les marques, logos, enseignes, dessins, illustrations, photographies, textes, graphiques et autres fichiers apparaissant sur le pr\u00e9sent site, sont prot\u00e9g\u00e9s par les lois en vigueur sur la propri\u00e9t\u00e9 intellectuelle, et appartiennent \u00e0 Azureva ou font l&#8217;objet d&#8217;une autorisation d&#8217;utilisation.\u00a0Aucun \u00e9l\u00e9ment composant le site www.azureva-vacances.com ne peut \u00eatre copi\u00e9, reproduit, modifi\u00e9, r\u00e9\u00e9dit\u00e9, charg\u00e9, d\u00e9natur\u00e9, transmis ou distribu\u00e9 de quelque mani\u00e8re que ce soit, sous quelque support que ce soit, de fa\u00e7on partielle ou int\u00e9grale, sans l&#8217;autorisation \u00e9crite et pr\u00e9alable d\u2019Azureva \u00e0 l&#8217;exception d&#8217;une stricte utilisation pour usage personnel, priv\u00e9 et non-commercial, sans modification des \u00e9l\u00e9ments pr\u00e9sents sur le site.\u00a0La mention suivante doit notamment appara\u00eetre sur toute copie autoris\u00e9e de tout ou partie du contenu du site: &#8220;\u00a9Copyright Azureva. Les photographies figurant sur le site www.azureva-vacances.com ne sont pas contractuelles.&#8221;\u00a0Toute autre utilisation non express\u00e9ment autoris\u00e9e du site www.azureva-vacances.com ou de ses \u00e9l\u00e9ments constituerait une atteinte aux droits d\u2019Azureva passible notamment de contrefa\u00e7on sanctionn\u00e9e par les articles L 355-2 et suivants du Code de la Propri\u00e9t\u00e9 Intellectuelle.<\/p><p><strong>DROITS D\u2019AZUREVA EN SA QUALIT\u00c9 DE PRODUCTEUR DE BASES DE DONN\u00c9ES<\/strong><\/p><p>Tout client, prospect ou partenaire dispose d\u2019un droit personnel, non exclusif, incessible et intransmissible de consultation des informations contenues sur le site www.azureva-vacances.com pour ses propres besoins \u00e0 des fins de r\u00e9servation.\u00a0Il est autoris\u00e9 \u00e0 extraire et\/ou r\u00e9utiliser une partie du contenu de ce site \u00e0 des fins personnelles de consultation, sous r\u00e9serve que cette extraction et\/ou r\u00e9utilisation ne porte pas sur une partie, appr\u00e9ci\u00e9e qualitativement ou quantitativement, substantielle du contenu de ce site. En outre, est \u00e9galement interdite l\u2019extraction et\/ou la r\u00e9utilisation r\u00e9p\u00e9t\u00e9e du contenu, m\u00eame non substantiel, de ce site.\u00a0Toute reproduction totale ou partielle du site \u00e0 des fins autres est express\u00e9ment prohib\u00e9e par les articles L. 342-1 et L. 342-2 du Code de la propri\u00e9t\u00e9 intellectuelle. Est \u00e9galement interdite la communication au public de tout ou partie du contenu du site, sous quelque forme et \u00e0 destination de quelque public que ce soit.\u00a0En particulier, l\u2019utilisation \u00e0 des fins commerciales du contenu de ce site est express\u00e9ment interdite.<\/p><p><strong><span style=\"min-height: 0px; min-width: 0px;\">RESPONSABILIT\u00c9<\/span><\/strong><\/p><p>L&#8217;ensemble des informations accessibles via ce site sont fournies en l&#8217;\u00e9tat. Azureva ne donne aucune garantie, explicite ou implicite, et n&#8217;assume aucune responsabilit\u00e9 relative \u00e0 l&#8217;utilisation de ces informations.\u00a0L&#8217;utilisateur est seul responsable de l&#8217;utilisation de telles informations.\u00a0Azureva se r\u00e9serve le droit de modifier \u00e0 tout moment les pr\u00e9sentes notamment en actualisant le site www.azureva-vacances.com.\u00a0L&#8217;utilisateur s&#8217;engage \u00e0 ne transmettre sur ce site aucune information pouvant entra\u00eener une responsabilit\u00e9 civile ou p\u00e9nale et s&#8217;engage \u00e0 ce titre \u00e0 ne pas divulguer via ce site des informations ill\u00e9gales, contraires \u00e0 l&#8217;ordre public ou diffamatoires.\u00a0Azureva met tout en \u0153uvre pour offrir aux utilisateurs des informations et\/ou des outils disponibles et v\u00e9rifi\u00e9s, mais ne saurait \u00eatre tenu pour responsable des erreurs, d\u2019une absence de disponibilit\u00e9 des informations et\/ou de la pr\u00e9sence de virus sur son site www.azureva-vacances.com. Azureva se r\u00e9serve le droit de proc\u00e9der sans pr\u00e9avis \u00e0 tous changements ou corrections dans le contenu du site internet www.azureva-vacances.com et toute d\u00e9cision prise par un visiteur du site \u00e0 partir des informations figurant sur le site ne saurait en aucun cas engager la responsabilit\u00e9 d\u2019Azureva. Les photos pr\u00e9sent\u00e9es sur le site sont non-contractuelles.<\/p><p><strong><span style=\"min-height: 0px; min-width: 0px;\">LIEN HYPERTEXTE<\/span><\/strong><\/p><p>Les liens mis en place sur le site d\u2019Azureva en direction de sites internet externes ont fait l&#8217;objet d&#8217;une autorisation pr\u00e9alable et expresse.\u00a0Toutefois, les sites ext\u00e9rieurs \u00e0 Azureva ayant un lien hypertexte avec le pr\u00e9sent site ne sont pas sous contr\u00f4le d\u2019Azureva qui d\u00e9cline par cons\u00e9quent toute responsabilit\u00e9 quant \u00e0 leur contenu. L&#8217;utilisateur est seul responsable de leur utilisation.\u00a0Vous ne pouvez pas mettre en place un lien hypertexte en direction du site d\u2019Azureva sans l&#8217;autorisation \u00e9crite, expresse et pr\u00e9alable d\u2019Azureva. Les demandes doivent \u00eatre adress\u00e9es \u00e0 Azureva par courrier \u00e0 son si\u00e8ge social ou par email \u00e0\u00a0contact@azureva-vacances.com.<\/p><p><strong><span style=\"min-height: 0px; min-width: 0px;\">DROIT APPLICABLE<\/span><\/strong><\/p><p>Le droit applicable au site internet d\u2019Azureva est le droit fran\u00e7ais. La majorit\u00e9 des contenus et services en ligne sur le site internet d\u2019Azureva sont propos\u00e9s en fran\u00e7ais. En cas de litige, c\u2019est la langue fran\u00e7aise qui s\u2019applique.<\/p>\t\t\t\t\t\t\t\t<\/div>\n\t\t\t\t<\/div>\n\t\t\t\t\t<\/div>\n\t\t\t\t<\/div>\n\t\t\t\t<\/div>\n\t\t","protected":false},"excerpt":{"rendered":"<p>Mentions l\u00e9gales Informations l\u00e9gales Ce site\u00a0www.azureva-vacances.com\u00a0et l\u2019ensemble de ses sous-domaines sont \u00e9dit\u00e9s par\u00a0Azureva, association loi du 1er juillet 1901, d\u00e9clar\u00e9e \u00e0 la Pr\u00e9fecture de l\u2019Ain le 17 juillet 1969 sous le num\u00e9ro 0012003571, immatricul\u00e9e au R\u00e9pertoire SIRENE sous le N\u00b0 322 958 885, et dont le n\u00b0 de TVA intracommunautaire est FR24322958885. Si\u00e8ge social\u00a0 Azureva52, [&hellip;]<\/p>\n","protected":false},"author":1,"featured_media":0,"parent":0,"menu_order":0,"comment_status":"closed","ping_status":"closed","template":"full-width.php","meta":{"_acf_changed":false,"_yoast_wpseo_focuskw":"","_yoast_wpseo_metadesc":"Consultez nos mentions l\u00e9gales sur cette page de notre site.","rank_math_description":"","rank_math_title":"","rank_math_focus_keyword":"","footnotes":""},"class_list":["post-5402","page","type-page","status-publish","hentry"],"acf":[],"yoast_head":"<!-- This site is optimized with the Yoast SEO plugin v27.5 - https:\/\/yoast.com\/product\/yoast-seo-wordpress\/ -->\n<title>Mentions l\u00e9gales - Azureva Vacances en France<\/title>\n<meta name=\"description\" content=\"Consultez nos mentions l\u00e9gales sur cette page de notre site.\" \/>\n<meta name=\"robots\" content=\"index, follow, max-snippet:-1, max-image-preview:large, max-video-preview:-1\" \/>\n<link rel=\"canonical\" href=\"https:\/\/www.azureva-vacances.com\/fr\/mentions-legales\/\" \/>\n<meta property=\"og:locale\" content=\"fr_FR\" \/>\n<meta property=\"og:type\" content=\"article\" \/>\n<meta property=\"og:title\" content=\"Mentions l\u00e9gales - Azureva Vacances en France\" \/>\n<meta property=\"og:description\" content=\"Consultez nos mentions l\u00e9gales sur cette page de notre site.\" \/>\n<meta property=\"og:url\" content=\"https:\/\/www.azureva-vacances.com\/fr\/mentions-legales\/\" \/>\n<meta property=\"og:site_name\" content=\"Azureva Vacances en France\" \/>\n<meta property=\"article:publisher\" content=\"https:\/\/www.facebook.com\/AzurevaVacances\/\" \/>\n<meta property=\"article:modified_time\" content=\"2025-09-24T13:40:23+00:00\" \/>\n<meta property=\"og:image\" content=\"https:\/\/www.azureva-vacances.com\/wp-content\/uploads\/2025\/02\/mentions-legales-azureva.jpg\" \/>\n\t<meta property=\"og:image:width\" content=\"820\" \/>\n\t<meta property=\"og:image:height\" content=\"400\" \/>\n\t<meta property=\"og:image:type\" content=\"image\/jpeg\" \/>\n<meta name=\"twitter:card\" content=\"summary_large_image\" \/>\n<meta name=\"twitter:label1\" content=\"Est. reading time\" \/>\n\t<meta name=\"twitter:data1\" content=\"6 minutes\" \/>\n<script type=\"application\/ld+json\" class=\"yoast-schema-graph\">{\"@context\":\"https:\\\/\\\/schema.org\",\"@graph\":[{\"@type\":\"WebPage\",\"@id\":\"https:\\\/\\\/www.azureva-vacances.com\\\/fr\\\/mentions-legales\\\/\",\"url\":\"https:\\\/\\\/www.azureva-vacances.com\\\/fr\\\/mentions-legales\\\/\",\"name\":\"Mentions l\u00e9gales - Azureva Vacances en France\",\"isPartOf\":{\"@id\":\"https:\\\/\\\/www.azureva-vacances.com\\\/fr\\\/#website\"},\"primaryImageOfPage\":{\"@id\":\"https:\\\/\\\/www.azureva-vacances.com\\\/fr\\\/mentions-legales\\\/#primaryimage\"},\"image\":{\"@id\":\"https:\\\/\\\/www.azureva-vacances.com\\\/fr\\\/mentions-legales\\\/#primaryimage\"},\"thumbnailUrl\":\"https:\\\/\\\/www.azureva-vacances.com\\\/wp-content\\\/uploads\\\/2025\\\/02\\\/mentions-legales-azureva.jpg\",\"datePublished\":\"2025-01-21T15:25:59+00:00\",\"dateModified\":\"2025-09-24T13:40:23+00:00\",\"description\":\"Consultez nos mentions l\u00e9gales sur cette page de notre site.\",\"breadcrumb\":{\"@id\":\"https:\\\/\\\/www.azureva-vacances.com\\\/fr\\\/mentions-legales\\\/#breadcrumb\"},\"inLanguage\":\"fr\",\"potentialAction\":[{\"@type\":\"ReadAction\",\"target\":[\"https:\\\/\\\/www.azureva-vacances.com\\\/fr\\\/mentions-legales\\\/\"]}]},{\"@type\":\"ImageObject\",\"inLanguage\":\"fr\",\"@id\":\"https:\\\/\\\/www.azureva-vacances.com\\\/fr\\\/mentions-legales\\\/#primaryimage\",\"url\":\"https:\\\/\\\/www.azureva-vacances.com\\\/wp-content\\\/uploads\\\/2025\\\/02\\\/mentions-legales-azureva.jpg\",\"contentUrl\":\"https:\\\/\\\/www.azureva-vacances.com\\\/wp-content\\\/uploads\\\/2025\\\/02\\\/mentions-legales-azureva.jpg\"},{\"@type\":\"BreadcrumbList\",\"@id\":\"https:\\\/\\\/www.azureva-vacances.com\\\/fr\\\/mentions-legales\\\/#breadcrumb\",\"itemListElement\":[{\"@type\":\"ListItem\",\"position\":1,\"name\":\"Accueil\",\"item\":\"https:\\\/\\\/www.azureva-vacances.com\\\/fr\\\/\"},{\"@type\":\"ListItem\",\"position\":2,\"name\":\"Mentions l\u00e9gales\"}]},{\"@type\":\"WebSite\",\"@id\":\"https:\\\/\\\/www.azureva-vacances.com\\\/fr\\\/#website\",\"url\":\"https:\\\/\\\/www.azureva-vacances.com\\\/fr\\\/\",\"name\":\"Azureva Vacances\",\"description\":\"\",\"publisher\":{\"@id\":\"https:\\\/\\\/www.azureva-vacances.com\\\/fr\\\/#organization\"},\"potentialAction\":[{\"@type\":\"SearchAction\",\"target\":{\"@type\":\"EntryPoint\",\"urlTemplate\":\"https:\\\/\\\/www.azureva-vacances.com\\\/fr\\\/?s={search_term_string}\"},\"query-input\":{\"@type\":\"PropertyValueSpecification\",\"valueRequired\":true,\"valueName\":\"search_term_string\"}}],\"inLanguage\":\"fr\"},{\"@type\":\"Organization\",\"@id\":\"https:\\\/\\\/www.azureva-vacances.com\\\/fr\\\/#organization\",\"name\":\"Azureva Vacances\",\"url\":\"https:\\\/\\\/www.azureva-vacances.com\\\/fr\\\/\",\"logo\":{\"@type\":\"ImageObject\",\"inLanguage\":\"fr\",\"@id\":\"https:\\\/\\\/www.azureva-vacances.com\\\/fr\\\/#\\\/schema\\\/logo\\\/image\\\/\",\"url\":\"https:\\\/\\\/www.azureva-vacances.com\\\/wp-content\\\/uploads\\\/2025\\\/01\\\/logo.svg\",\"contentUrl\":\"https:\\\/\\\/www.azureva-vacances.com\\\/wp-content\\\/uploads\\\/2025\\\/01\\\/logo.svg\",\"caption\":\"Azureva Vacances\"},\"image\":{\"@id\":\"https:\\\/\\\/www.azureva-vacances.com\\\/fr\\\/#\\\/schema\\\/logo\\\/image\\\/\"},\"sameAs\":[\"https:\\\/\\\/www.facebook.com\\\/AzurevaVacances\\\/\",\"https:\\\/\\\/www.instagram.com\\\/azurevavacances\\\/\",\"https:\\\/\\\/www.tiktok.com\\\/@azureva_vacances\",\"https:\\\/\\\/www.youtube.com\\\/user\\\/vacancesazureva\",\"https:\\\/\\\/www.linkedin.com\\\/company\\\/azureva\\\/mycompany\\\/\"]}]}<\/script>\n<!-- \/ Yoast SEO plugin. -->","yoast_head_json":{"title":"Mentions l\u00e9gales - Azureva Vacances en France","description":"Consultez nos mentions l\u00e9gales sur cette page de notre site.","robots":{"index":"index","follow":"follow","max-snippet":"max-snippet:-1","max-image-preview":"max-image-preview:large","max-video-preview":"max-video-preview:-1"},"canonical":"https:\/\/www.azureva-vacances.com\/fr\/mentions-legales\/","og_locale":"fr_FR","og_type":"article","og_title":"Mentions l\u00e9gales - Azureva Vacances en France","og_description":"Consultez nos mentions l\u00e9gales sur cette page de notre site.","og_url":"https:\/\/www.azureva-vacances.com\/fr\/mentions-legales\/","og_site_name":"Azureva Vacances en France","article_publisher":"https:\/\/www.facebook.com\/AzurevaVacances\/","article_modified_time":"2025-09-24T13:40:23+00:00","og_image":[{"width":820,"height":400,"url":"https:\/\/www.azureva-vacances.com\/wp-content\/uploads\/2025\/02\/mentions-legales-azureva.jpg","type":"image\/jpeg"}],"twitter_card":"summary_large_image","twitter_misc":{"Est. reading time":"6 minutes"},"schema":{"@context":"https:\/\/schema.org","@graph":[{"@type":"WebPage","@id":"https:\/\/www.azureva-vacances.com\/fr\/mentions-legales\/","url":"https:\/\/www.azureva-vacances.com\/fr\/mentions-legales\/","name":"Mentions l\u00e9gales - Azureva Vacances en France","isPartOf":{"@id":"https:\/\/www.azureva-vacances.com\/fr\/#website"},"primaryImageOfPage":{"@id":"https:\/\/www.azureva-vacances.com\/fr\/mentions-legales\/#primaryimage"},"image":{"@id":"https:\/\/www.azureva-vacances.com\/fr\/mentions-legales\/#primaryimage"},"thumbnailUrl":"https:\/\/www.azureva-vacances.com\/wp-content\/uploads\/2025\/02\/mentions-legales-azureva.jpg","datePublished":"2025-01-21T15:25:59+00:00","dateModified":"2025-09-24T13:40:23+00:00","description":"Consultez nos mentions l\u00e9gales sur cette page de notre site.","breadcrumb":{"@id":"https:\/\/www.azureva-vacances.com\/fr\/mentions-legales\/#breadcrumb"},"inLanguage":"fr","potentialAction":[{"@type":"ReadAction","target":["https:\/\/www.azureva-vacances.com\/fr\/mentions-legales\/"]}]},{"@type":"ImageObject","inLanguage":"fr","@id":"https:\/\/www.azureva-vacances.com\/fr\/mentions-legales\/#primaryimage","url":"https:\/\/www.azureva-vacances.com\/wp-content\/uploads\/2025\/02\/mentions-legales-azureva.jpg","contentUrl":"https:\/\/www.azureva-vacances.com\/wp-content\/uploads\/2025\/02\/mentions-legales-azureva.jpg"},{"@type":"BreadcrumbList","@id":"https:\/\/www.azureva-vacances.com\/fr\/mentions-legales\/#breadcrumb","itemListElement":[{"@type":"ListItem","position":1,"name":"Accueil","item":"https:\/\/www.azureva-vacances.com\/fr\/"},{"@type":"ListItem","position":2,"name":"Mentions l\u00e9gales"}]},{"@type":"WebSite","@id":"https:\/\/www.azureva-vacances.com\/fr\/#website","url":"https:\/\/www.azureva-vacances.com\/fr\/","name":"Azureva Vacances","description":"","publisher":{"@id":"https:\/\/www.azureva-vacances.com\/fr\/#organization"},"potentialAction":[{"@type":"SearchAction","target":{"@type":"EntryPoint","urlTemplate":"https:\/\/www.azureva-vacances.com\/fr\/?s={search_term_string}"},"query-input":{"@type":"PropertyValueSpecification","valueRequired":true,"valueName":"search_term_string"}}],"inLanguage":"fr"},{"@type":"Organization","@id":"https:\/\/www.azureva-vacances.com\/fr\/#organization","name":"Azureva Vacances","url":"https:\/\/www.azureva-vacances.com\/fr\/","logo":{"@type":"ImageObject","inLanguage":"fr","@id":"https:\/\/www.azureva-vacances.com\/fr\/#\/schema\/logo\/image\/","url":"https:\/\/www.azureva-vacances.com\/wp-content\/uploads\/2025\/01\/logo.svg","contentUrl":"https:\/\/www.azureva-vacances.com\/wp-content\/uploads\/2025\/01\/logo.svg","caption":"Azureva Vacances"},"image":{"@id":"https:\/\/www.azureva-vacances.com\/fr\/#\/schema\/logo\/image\/"},"sameAs":["https:\/\/www.facebook.com\/AzurevaVacances\/","https:\/\/www.instagram.com\/azurevavacances\/","https:\/\/www.tiktok.com\/@azureva_vacances","https:\/\/www.youtube.com\/user\/vacancesazureva","https:\/\/www.linkedin.com\/company\/azureva\/mycompany\/"]}]}},"_links":{"self":[{"href":"https:\/\/www.azureva-vacances.com\/fr\/wp-json\/wp\/v2\/pages\/5402","targetHints":{"allow":["GET"]}}],"collection":[{"href":"https:\/\/www.azureva-vacances.com\/fr\/wp-json\/wp\/v2\/pages"}],"about":[{"href":"https:\/\/www.azureva-vacances.com\/fr\/wp-json\/wp\/v2\/types\/page"}],"author":[{"embeddable":true,"href":"https:\/\/www.azureva-vacances.com\/fr\/wp-json\/wp\/v2\/users\/1"}],"replies":[{"embeddable":true,"href":"https:\/\/www.azureva-vacances.com\/fr\/wp-json\/wp\/v2\/comments?post=5402"}],"version-history":[{"count":3,"href":"https:\/\/www.azureva-vacances.com\/fr\/wp-json\/wp\/v2\/pages\/5402\/revisions"}],"predecessor-version":[{"id":39704,"href":"https:\/\/www.azureva-vacances.com\/fr\/wp-json\/wp\/v2\/pages\/5402\/revisions\/39704"}],"wp:attachment":[{"href":"https:\/\/www.azureva-vacances.com\/fr\/wp-json\/wp\/v2\/media?parent=5402"}],"curies":[{"name":"wp","href":"https:\/\/api.w.org\/{rel}","templated":true}]}}