{"id":17931,"date":"2025-03-14T16:28:56","date_gmt":"2025-03-14T15:28:56","guid":{"rendered":"https:\/\/azvitrine.ecdev.fr\/?page_id=17931"},"modified":"2025-10-07T12:56:31","modified_gmt":"2025-10-07T10:56:31","slug":"location-de-vacances-famille","status":"publish","type":"page","link":"https:\/\/www.azureva-vacances.com\/fr\/destinations\/vacances-famille\/location-de-vacances-famille\/","title":{"rendered":"Location de vacances pour famille en France"},"content":{"rendered":"\t\t<div data-elementor-type=\"wp-page\" data-elementor-id=\"17931\" class=\"elementor elementor-17931\" data-elementor-post-type=\"page\">\n\t\t\t\t<div class=\"elementor-element elementor-element-3652d97 e-con-full e-flex e-con e-parent\" data-id=\"3652d97\" data-element_type=\"container\" data-settings=\"{&quot;jet_parallax_layout_list&quot;:[],&quot;background_background&quot;:&quot;classic&quot;}\">\n\t\t\t\t<div class=\"elementor-element elementor-element-ae16ed7 elementor-align-center elementor-widget elementor-widget-raven-heading\" data-id=\"ae16ed7\" data-element_type=\"widget\" data-widget_type=\"raven-heading.default\">\n\t\t\t\t<div class=\"elementor-widget-container\">\n\t\t\t\t\t\t\t<div class=\"raven-widget-wrapper\"><h1 class=\"raven-heading raven-heading-h1\"><span class=\"raven-heading-title \">Location de vacances<br><b> pour famille<\/b><\/span><\/h1><\/div>\n\t\t\t\t\t\t<\/div>\n\t\t\t\t<\/div>\n\t\t\t\t<\/div>\n\t\t<div class=\"elementor-element elementor-element-7960f13 e-con-full e-flex e-con e-parent\" data-id=\"7960f13\" data-element_type=\"container\" data-settings=\"{&quot;jet_parallax_layout_list&quot;:[]}\">\n\t\t\t\t<div class=\"elementor-element elementor-element-dccf56e elementor-widget elementor-widget-breadcrumbs\" data-id=\"dccf56e\" data-element_type=\"widget\" data-widget_type=\"breadcrumbs.default\">\n\t\t\t\t<div class=\"elementor-widget-container\">\n\t\t\t\t\t<p id=\"breadcrumbs\"><span><span><a href=\"https:\/\/www.azureva-vacances.com\/fr\/\">Accueil<\/a><\/span><\/span><\/p>\t\t\t\t<\/div>\n\t\t\t\t<\/div>\n\t\t\t\t<\/div>\n\t\t<div class=\"elementor-element elementor-element-53ac32a e-con-full e-flex e-con e-parent\" data-id=\"53ac32a\" data-element_type=\"container\" data-settings=\"{&quot;jet_parallax_layout_list&quot;:[]}\">\n\t\t<div class=\"elementor-element elementor-element-85d7fb6 e-con-full e-flex e-con e-child\" data-id=\"85d7fb6\" data-element_type=\"container\" data-settings=\"{&quot;jet_parallax_layout_list&quot;:[]}\">\n\t\t\t\t<div class=\"elementor-element elementor-element-4c01217 elementor-widget elementor-widget-image\" data-id=\"4c01217\" data-element_type=\"widget\" data-widget_type=\"image.default\">\n\t\t\t\t<div class=\"elementor-widget-container\">\n\t\t\t\t\t\t\t\t\t\t\t\t\t\t\t<img loading=\"lazy\" decoding=\"async\" width=\"820\" height=\"547\" src=\"https:\/\/www.azureva-vacances.com\/wp-content\/uploads\/2025\/03\/57c4265e99409_village-vacances-famille-saint-cyprien.jpg\" class=\"attachment-large size-large wp-image-20114\" alt=\"votre village vacances a saint cyprien\u00a0\" srcset=\"https:\/\/www.azureva-vacances.com\/wp-content\/uploads\/2025\/03\/57c4265e99409_village-vacances-famille-saint-cyprien-mobile.avif 420w\" sizes=\"auto, (max-width: 420px) 100vw, 100vw\" loading=\"lazy\" \/>\t\t\t\t\t\t\t\t\t\t\t\t\t\t\t<\/div>\n\t\t\t\t<\/div>\n\t\t\t\t<\/div>\n\t\t<div class=\"elementor-element elementor-element-c17836b e-con-full e-flex e-con e-child\" data-id=\"c17836b\" data-element_type=\"container\" data-settings=\"{&quot;jet_parallax_layout_list&quot;:[]}\">\n\t\t\t\t<div class=\"elementor-element elementor-element-a62f280 elementor-widget elementor-widget-text-editor\" data-id=\"a62f280\" data-element_type=\"widget\" data-widget_type=\"text-editor.default\">\n\t\t\t\t<div class=\"elementor-widget-container\">\n\t\t\t\t\t\t\t\t\t<h2 class=\"rich-text-title-2\" style=\"text-align: justify;\">D\u00e9couvrez les locations vacances famille d\u2019Azureva<\/h2><p style=\"text-align: justify;\">R\u00e9server un s\u00e9jour au sein d\u2019une\u00a0location vacances famille\u00a0Azureva pour passer des moments inoubliables ! Gr\u00e2ce \u00e0 de nombreuses destinations et des activit\u00e9s adapt\u00e9es, les petits comme les grands vivront un s\u00e9jour riche en \u00e9motions.<\/p>\t\t\t\t\t\t\t\t<\/div>\n\t\t\t\t<\/div>\n\t\t\t\t<\/div>\n\t\t\t\t<\/div>\n\t\t<div class=\"elementor-element elementor-element-057af9e e-con-full e-flex e-con e-parent\" data-id=\"057af9e\" data-element_type=\"container\" data-settings=\"{&quot;jet_parallax_layout_list&quot;:[]}\">\n\t\t\t\t<div class=\"elementor-element elementor-element-ffa7cd9 elementor-widget elementor-widget-text-editor\" data-id=\"ffa7cd9\" data-element_type=\"widget\" data-widget_type=\"text-editor.default\">\n\t\t\t\t<div class=\"elementor-widget-container\">\n\t\t\t\t\t\t\t\t\t<h2 style=\"text-align: justify;\">Profitez d\u2019un club ou d&#8217;une r\u00e9sidence de vacances pour famille adapt\u00e9 \u00e0 vos envies<\/h2><p style=\"text-align: justify;\"><br \/>Avec Azureva, de nombreuses destinations pris\u00e9es disposent d&#8217;un club ou d&#8217;une r\u00e9sidence de vacances pour les familles. De la M\u00e9diterran\u00e9e \u00e0 la fa\u00e7ade Atlantique, des Pyr\u00e9n\u00e9es aux Vosges : pour s\u00e9journer dans la r\u00e9gion de vos r\u00eaves, consultez nos destinations de vacances en montagne, \u00e0 la mer, \u00e0 la campagne et \u00e0 la neige en hiver !<\/p><p style=\"text-align: justify;\">Au sein de votre location de vacances pour famille, vous profitez \u00e9galement d\u2019un large choix d\u2019activit\u00e9s pour tous les \u00e2ges. Les grands pourront se d\u00e9tendre gr\u00e2ce \u00e0 des activit\u00e9s bien-\u00eatre ou se d\u00e9fouler avec de multiples animations sportives. Quant aux plus petits, ils profiteront aussi d&#8217;un \u00e9ventail d&#8217;activit\u00e9s adapt\u00e9es \u00e0 leur \u00e2ge et \u00e0 leurs envies dans nos clubs ouverts durant les vacances scolaires. En plus, pour varier les plaisirs, une nouvelle th\u00e9matique d\u2019activit\u00e9s pour les enfants est propos\u00e9e chaque saison. Une chose est s\u00fbre, toute la famille va passer des vacances exceptionnelles.<\/p><h2 style=\"text-align: justify;\">Les avantages des clubs et r\u00e9sidences de vacances famille Azureva<\/h2><p style=\"text-align: justify;\"><br \/>Vous offrir des vacances de grande qualit\u00e9, c&#8217;est l&#8217;un des engagements d&#8217;Azureva. Pour ce faire, nos clubs famille sont sp\u00e9cialement con\u00e7us pour r\u00e9pondre aux envies et aux attentes des parents voyageant avec leurs enfants.<\/p><p style=\"text-align: justify;\">Azureva vous propose plusieurs formules d&#8217;h\u00e9bergement pour s\u00e9journer dans une location de vacances pour familles. Vous pouvez opter pour une pension compl\u00e8te, une demi-pension, une location ou un camping.<\/p><p style=\"text-align: justify;\">En r\u00e9servant au sein de l\u2019une de nos location de vacances famille, vous gagnez aussi des points de fid\u00e9lit\u00e9 et profitez de nos diff\u00e9rentes offres promotionnelles. Autant de bonnes raisons de s\u2019offrir des vacances en famille avec Azureva et de vous faire plaisir !<\/p>\t\t\t\t\t\t\t\t<\/div>\n\t\t\t\t<\/div>\n\t\t\t\t<\/div>\n\t\t<div class=\"elementor-element elementor-element-5b44206 e-flex e-con-boxed e-con e-parent\" data-id=\"5b44206\" data-element_type=\"container\" data-settings=\"{&quot;jet_parallax_layout_list&quot;:[]}\">\n\t\t\t\t\t<div class=\"e-con-inner\">\n\t\t\t\t<div class=\"elementor-element elementor-element-ccdb0fb elementor-widget elementor-widget-spacer\" data-id=\"ccdb0fb\" data-element_type=\"widget\" data-widget_type=\"spacer.default\">\n\t\t\t\t<div class=\"elementor-widget-container\">\n\t\t\t\t\t\t\t<div class=\"elementor-spacer\">\n\t\t\t<div class=\"elementor-spacer-inner\"><\/div>\n\t\t<\/div>\n\t\t\t\t\t\t<\/div>\n\t\t\t\t<\/div>\n\t\t\t\t\t<\/div>\n\t\t\t\t<\/div>\n\t\t\t\t<\/div>\n\t\t","protected":false},"excerpt":{"rendered":"<p>Location de vacances pour famille D\u00e9couvrez les locations vacances famille d\u2019Azureva R\u00e9server un s\u00e9jour au sein d\u2019une\u00a0location vacances famille\u00a0Azureva pour passer des moments inoubliables ! Gr\u00e2ce \u00e0 de nombreuses destinations et des activit\u00e9s adapt\u00e9es, les petits comme les grands vivront un s\u00e9jour riche en \u00e9motions. Profitez d\u2019un club ou d&#8217;une r\u00e9sidence de vacances pour famille [&hellip;]<\/p>\n","protected":false},"author":4,"featured_media":0,"parent":17327,"menu_order":0,"comment_status":"closed","ping_status":"closed","template":"elementor_header_footer","meta":{"_acf_changed":false,"_yoast_wpseo_focuskw":"","_yoast_wpseo_metadesc":"D\u00e9nicher le logement de vacances parfait : espaces con\u00e7us pour tous, animations diversifi\u00e9es et prestations pour des vacances tranquilles.","rank_math_description":"","rank_math_title":"","rank_math_focus_keyword":"","footnotes":""},"class_list":["post-17931","page","type-page","status-publish","hentry"],"acf":[],"yoast_head":"<!-- This site is optimized with the Yoast SEO plugin v27.3 - https:\/\/yoast.com\/product\/yoast-seo-wordpress\/ -->\n<title>Location de vacances pour famille en France - Azureva Vacances en France<\/title>\n<meta name=\"description\" content=\"D\u00e9nicher le logement de vacances parfait : espaces con\u00e7us pour tous, animations diversifi\u00e9es et prestations pour des vacances tranquilles.\" \/>\n<meta name=\"robots\" content=\"index, follow, max-snippet:-1, max-image-preview:large, max-video-preview:-1\" \/>\n<link rel=\"canonical\" href=\"https:\/\/www.azureva-vacances.com\/fr\/destinations\/vacances-famille\/location-de-vacances-famille\/\" \/>\n<meta property=\"og:locale\" content=\"fr_FR\" \/>\n<meta property=\"og:type\" content=\"article\" \/>\n<meta property=\"og:title\" content=\"Location de vacances pour famille en France - Azureva Vacances en France\" \/>\n<meta property=\"og:description\" content=\"D\u00e9nicher le logement de vacances parfait : espaces con\u00e7us pour tous, animations diversifi\u00e9es et prestations pour des vacances tranquilles.\" \/>\n<meta property=\"og:url\" content=\"https:\/\/www.azureva-vacances.com\/fr\/destinations\/vacances-famille\/location-de-vacances-famille\/\" \/>\n<meta property=\"og:site_name\" content=\"Azureva Vacances en France\" \/>\n<meta property=\"article:publisher\" content=\"https:\/\/www.facebook.com\/AzurevaVacances\/\" \/>\n<meta property=\"article:modified_time\" content=\"2025-10-07T10:56:31+00:00\" \/>\n<meta property=\"og:image\" content=\"https:\/\/www.azureva-vacances.com\/wp-content\/uploads\/2025\/03\/57c4265e99409_village-vacances-famille-saint-cyprien.jpg\" \/>\n<meta name=\"twitter:card\" content=\"summary_large_image\" \/>\n<meta name=\"twitter:label1\" content=\"Est. reading time\" \/>\n\t<meta name=\"twitter:data1\" content=\"2 minutes\" \/>\n<script type=\"application\/ld+json\" class=\"yoast-schema-graph\">{\"@context\":\"https:\\\/\\\/schema.org\",\"@graph\":[{\"@type\":\"WebPage\",\"@id\":\"https:\\\/\\\/www.azureva-vacances.com\\\/fr\\\/destinations\\\/vacances-famille\\\/location-de-vacances-famille\\\/\",\"url\":\"https:\\\/\\\/www.azureva-vacances.com\\\/fr\\\/destinations\\\/vacances-famille\\\/location-de-vacances-famille\\\/\",\"name\":\"Location de vacances pour famille en France - Azureva Vacances en France\",\"isPartOf\":{\"@id\":\"https:\\\/\\\/www.azureva-vacances.com\\\/fr\\\/#website\"},\"primaryImageOfPage\":{\"@id\":\"https:\\\/\\\/www.azureva-vacances.com\\\/fr\\\/destinations\\\/vacances-famille\\\/location-de-vacances-famille\\\/#primaryimage\"},\"image\":{\"@id\":\"https:\\\/\\\/www.azureva-vacances.com\\\/fr\\\/destinations\\\/vacances-famille\\\/location-de-vacances-famille\\\/#primaryimage\"},\"thumbnailUrl\":\"https:\\\/\\\/www.azureva-vacances.com\\\/wp-content\\\/uploads\\\/2025\\\/03\\\/57c4265e99409_village-vacances-famille-saint-cyprien.jpg\",\"datePublished\":\"2025-03-14T15:28:56+00:00\",\"dateModified\":\"2025-10-07T10:56:31+00:00\",\"description\":\"D\u00e9nicher le logement de vacances parfait : espaces con\u00e7us pour tous, animations diversifi\u00e9es et prestations pour des vacances tranquilles.\",\"breadcrumb\":{\"@id\":\"https:\\\/\\\/www.azureva-vacances.com\\\/fr\\\/destinations\\\/vacances-famille\\\/location-de-vacances-famille\\\/#breadcrumb\"},\"inLanguage\":\"fr\",\"potentialAction\":[{\"@type\":\"ReadAction\",\"target\":[\"https:\\\/\\\/www.azureva-vacances.com\\\/fr\\\/destinations\\\/vacances-famille\\\/location-de-vacances-famille\\\/\"]}]},{\"@type\":\"ImageObject\",\"inLanguage\":\"fr\",\"@id\":\"https:\\\/\\\/www.azureva-vacances.com\\\/fr\\\/destinations\\\/vacances-famille\\\/location-de-vacances-famille\\\/#primaryimage\",\"url\":\"https:\\\/\\\/www.azureva-vacances.com\\\/wp-content\\\/uploads\\\/2025\\\/03\\\/57c4265e99409_village-vacances-famille-saint-cyprien.jpg\",\"contentUrl\":\"https:\\\/\\\/www.azureva-vacances.com\\\/wp-content\\\/uploads\\\/2025\\\/03\\\/57c4265e99409_village-vacances-famille-saint-cyprien.jpg\"},{\"@type\":\"BreadcrumbList\",\"@id\":\"https:\\\/\\\/www.azureva-vacances.com\\\/fr\\\/destinations\\\/vacances-famille\\\/location-de-vacances-famille\\\/#breadcrumb\",\"itemListElement\":[{\"@type\":\"ListItem\",\"position\":1,\"name\":\"Accueil\",\"item\":\"https:\\\/\\\/www.azureva-vacances.com\\\/fr\\\/\"},{\"@type\":\"ListItem\",\"position\":2,\"name\":\"Destinations\",\"item\":\"https:\\\/\\\/www.azureva-vacances.com\\\/fr\\\/destinations\\\/\"},{\"@type\":\"ListItem\",\"position\":3,\"name\":\"Vacances famille\",\"item\":\"https:\\\/\\\/www.azureva-vacances.com\\\/fr\\\/destinations\\\/vacances-famille\\\/\"},{\"@type\":\"ListItem\",\"position\":4,\"name\":\"Location de vacances pour famille en France\"}]},{\"@type\":\"WebSite\",\"@id\":\"https:\\\/\\\/www.azureva-vacances.com\\\/fr\\\/#website\",\"url\":\"https:\\\/\\\/www.azureva-vacances.com\\\/fr\\\/\",\"name\":\"Azureva Vacances\",\"description\":\"\",\"publisher\":{\"@id\":\"https:\\\/\\\/www.azureva-vacances.com\\\/fr\\\/#organization\"},\"potentialAction\":[{\"@type\":\"SearchAction\",\"target\":{\"@type\":\"EntryPoint\",\"urlTemplate\":\"https:\\\/\\\/www.azureva-vacances.com\\\/fr\\\/?s={search_term_string}\"},\"query-input\":{\"@type\":\"PropertyValueSpecification\",\"valueRequired\":true,\"valueName\":\"search_term_string\"}}],\"inLanguage\":\"fr\"},{\"@type\":\"Organization\",\"@id\":\"https:\\\/\\\/www.azureva-vacances.com\\\/fr\\\/#organization\",\"name\":\"Azureva Vacances\",\"url\":\"https:\\\/\\\/www.azureva-vacances.com\\\/fr\\\/\",\"logo\":{\"@type\":\"ImageObject\",\"inLanguage\":\"fr\",\"@id\":\"https:\\\/\\\/www.azureva-vacances.com\\\/fr\\\/#\\\/schema\\\/logo\\\/image\\\/\",\"url\":\"https:\\\/\\\/www.azureva-vacances.com\\\/wp-content\\\/uploads\\\/2025\\\/01\\\/logo.svg\",\"contentUrl\":\"https:\\\/\\\/www.azureva-vacances.com\\\/wp-content\\\/uploads\\\/2025\\\/01\\\/logo.svg\",\"caption\":\"Azureva Vacances\"},\"image\":{\"@id\":\"https:\\\/\\\/www.azureva-vacances.com\\\/fr\\\/#\\\/schema\\\/logo\\\/image\\\/\"},\"sameAs\":[\"https:\\\/\\\/www.facebook.com\\\/AzurevaVacances\\\/\",\"https:\\\/\\\/www.instagram.com\\\/azurevavacances\\\/\",\"https:\\\/\\\/www.tiktok.com\\\/@azureva_vacances\",\"https:\\\/\\\/www.youtube.com\\\/user\\\/vacancesazureva\",\"https:\\\/\\\/www.linkedin.com\\\/company\\\/azureva\\\/mycompany\\\/\"]}]}<\/script>\n<!-- \/ Yoast SEO plugin. -->","yoast_head_json":{"title":"Location de vacances pour famille en France - Azureva Vacances en France","description":"D\u00e9nicher le logement de vacances parfait : espaces con\u00e7us pour tous, animations diversifi\u00e9es et prestations pour des vacances tranquilles.","robots":{"index":"index","follow":"follow","max-snippet":"max-snippet:-1","max-image-preview":"max-image-preview:large","max-video-preview":"max-video-preview:-1"},"canonical":"https:\/\/www.azureva-vacances.com\/fr\/destinations\/vacances-famille\/location-de-vacances-famille\/","og_locale":"fr_FR","og_type":"article","og_title":"Location de vacances pour famille en France - Azureva Vacances en France","og_description":"D\u00e9nicher le logement de vacances parfait : espaces con\u00e7us pour tous, animations diversifi\u00e9es et prestations pour des vacances tranquilles.","og_url":"https:\/\/www.azureva-vacances.com\/fr\/destinations\/vacances-famille\/location-de-vacances-famille\/","og_site_name":"Azureva Vacances en France","article_publisher":"https:\/\/www.facebook.com\/AzurevaVacances\/","article_modified_time":"2025-10-07T10:56:31+00:00","og_image":[{"url":"https:\/\/www.azureva-vacances.com\/wp-content\/uploads\/2025\/03\/57c4265e99409_village-vacances-famille-saint-cyprien.jpg","type":"","width":"","height":""}],"twitter_card":"summary_large_image","twitter_misc":{"Est. reading time":"2 minutes"},"schema":{"@context":"https:\/\/schema.org","@graph":[{"@type":"WebPage","@id":"https:\/\/www.azureva-vacances.com\/fr\/destinations\/vacances-famille\/location-de-vacances-famille\/","url":"https:\/\/www.azureva-vacances.com\/fr\/destinations\/vacances-famille\/location-de-vacances-famille\/","name":"Location de vacances pour famille en France - Azureva Vacances en France","isPartOf":{"@id":"https:\/\/www.azureva-vacances.com\/fr\/#website"},"primaryImageOfPage":{"@id":"https:\/\/www.azureva-vacances.com\/fr\/destinations\/vacances-famille\/location-de-vacances-famille\/#primaryimage"},"image":{"@id":"https:\/\/www.azureva-vacances.com\/fr\/destinations\/vacances-famille\/location-de-vacances-famille\/#primaryimage"},"thumbnailUrl":"https:\/\/www.azureva-vacances.com\/wp-content\/uploads\/2025\/03\/57c4265e99409_village-vacances-famille-saint-cyprien.jpg","datePublished":"2025-03-14T15:28:56+00:00","dateModified":"2025-10-07T10:56:31+00:00","description":"D\u00e9nicher le logement de vacances parfait : espaces con\u00e7us pour tous, animations diversifi\u00e9es et prestations pour des vacances tranquilles.","breadcrumb":{"@id":"https:\/\/www.azureva-vacances.com\/fr\/destinations\/vacances-famille\/location-de-vacances-famille\/#breadcrumb"},"inLanguage":"fr","potentialAction":[{"@type":"ReadAction","target":["https:\/\/www.azureva-vacances.com\/fr\/destinations\/vacances-famille\/location-de-vacances-famille\/"]}]},{"@type":"ImageObject","inLanguage":"fr","@id":"https:\/\/www.azureva-vacances.com\/fr\/destinations\/vacances-famille\/location-de-vacances-famille\/#primaryimage","url":"https:\/\/www.azureva-vacances.com\/wp-content\/uploads\/2025\/03\/57c4265e99409_village-vacances-famille-saint-cyprien.jpg","contentUrl":"https:\/\/www.azureva-vacances.com\/wp-content\/uploads\/2025\/03\/57c4265e99409_village-vacances-famille-saint-cyprien.jpg"},{"@type":"BreadcrumbList","@id":"https:\/\/www.azureva-vacances.com\/fr\/destinations\/vacances-famille\/location-de-vacances-famille\/#breadcrumb","itemListElement":[{"@type":"ListItem","position":1,"name":"Accueil","item":"https:\/\/www.azureva-vacances.com\/fr\/"},{"@type":"ListItem","position":2,"name":"Destinations","item":"https:\/\/www.azureva-vacances.com\/fr\/destinations\/"},{"@type":"ListItem","position":3,"name":"Vacances famille","item":"https:\/\/www.azureva-vacances.com\/fr\/destinations\/vacances-famille\/"},{"@type":"ListItem","position":4,"name":"Location de vacances pour famille en France"}]},{"@type":"WebSite","@id":"https:\/\/www.azureva-vacances.com\/fr\/#website","url":"https:\/\/www.azureva-vacances.com\/fr\/","name":"Azureva Vacances","description":"","publisher":{"@id":"https:\/\/www.azureva-vacances.com\/fr\/#organization"},"potentialAction":[{"@type":"SearchAction","target":{"@type":"EntryPoint","urlTemplate":"https:\/\/www.azureva-vacances.com\/fr\/?s={search_term_string}"},"query-input":{"@type":"PropertyValueSpecification","valueRequired":true,"valueName":"search_term_string"}}],"inLanguage":"fr"},{"@type":"Organization","@id":"https:\/\/www.azureva-vacances.com\/fr\/#organization","name":"Azureva Vacances","url":"https:\/\/www.azureva-vacances.com\/fr\/","logo":{"@type":"ImageObject","inLanguage":"fr","@id":"https:\/\/www.azureva-vacances.com\/fr\/#\/schema\/logo\/image\/","url":"https:\/\/www.azureva-vacances.com\/wp-content\/uploads\/2025\/01\/logo.svg","contentUrl":"https:\/\/www.azureva-vacances.com\/wp-content\/uploads\/2025\/01\/logo.svg","caption":"Azureva Vacances"},"image":{"@id":"https:\/\/www.azureva-vacances.com\/fr\/#\/schema\/logo\/image\/"},"sameAs":["https:\/\/www.facebook.com\/AzurevaVacances\/","https:\/\/www.instagram.com\/azurevavacances\/","https:\/\/www.tiktok.com\/@azureva_vacances","https:\/\/www.youtube.com\/user\/vacancesazureva","https:\/\/www.linkedin.com\/company\/azureva\/mycompany\/"]}]}},"_links":{"self":[{"href":"https:\/\/www.azureva-vacances.com\/fr\/wp-json\/wp\/v2\/pages\/17931","targetHints":{"allow":["GET"]}}],"collection":[{"href":"https:\/\/www.azureva-vacances.com\/fr\/wp-json\/wp\/v2\/pages"}],"about":[{"href":"https:\/\/www.azureva-vacances.com\/fr\/wp-json\/wp\/v2\/types\/page"}],"author":[{"embeddable":true,"href":"https:\/\/www.azureva-vacances.com\/fr\/wp-json\/wp\/v2\/users\/4"}],"replies":[{"embeddable":true,"href":"https:\/\/www.azureva-vacances.com\/fr\/wp-json\/wp\/v2\/comments?post=17931"}],"version-history":[{"count":2,"href":"https:\/\/www.azureva-vacances.com\/fr\/wp-json\/wp\/v2\/pages\/17931\/revisions"}],"predecessor-version":[{"id":40051,"href":"https:\/\/www.azureva-vacances.com\/fr\/wp-json\/wp\/v2\/pages\/17931\/revisions\/40051"}],"up":[{"embeddable":true,"href":"https:\/\/www.azureva-vacances.com\/fr\/wp-json\/wp\/v2\/pages\/17327"}],"wp:attachment":[{"href":"https:\/\/www.azureva-vacances.com\/fr\/wp-json\/wp\/v2\/media?parent=17931"}],"curies":[{"name":"wp","href":"https:\/\/api.w.org\/{rel}","templated":true}]}}