{"id":16305,"date":"2025-03-04T12:18:48","date_gmt":"2025-03-04T11:18:48","guid":{"rendered":"https:\/\/azvitrine.ecdev.fr\/?page_id=16305"},"modified":"2025-09-24T15:02:08","modified_gmt":"2025-09-24T13:02:08","slug":"hebergement-groupe-scolaire","status":"publish","type":"page","link":"https:\/\/www.azureva-vacances.com\/fr\/sejour-groupe\/hebergement-groupe-scolaire\/","title":{"rendered":"H\u00e9bergement groupe scolaire"},"content":{"rendered":"\t\t<div data-elementor-type=\"wp-page\" data-elementor-id=\"16305\" class=\"elementor elementor-16305\" data-elementor-post-type=\"page\">\n\t\t\t\t<div class=\"elementor-element elementor-element-6198dd5 e-flex e-con-boxed e-con e-parent\" data-id=\"6198dd5\" data-element_type=\"container\" data-settings=\"{&quot;jet_parallax_layout_list&quot;:[]}\">\n\t\t\t\t\t<div class=\"e-con-inner\">\n\t\t<div class=\"elementor-element elementor-element-e3d22d3 e-con-full e-flex e-con e-child\" data-id=\"e3d22d3\" data-element_type=\"container\" data-settings=\"{&quot;jet_parallax_layout_list&quot;:[]}\">\n\t\t\t\t<div class=\"elementor-element elementor-element-2b64690 elementor-widget elementor-widget-image\" data-id=\"2b64690\" data-element_type=\"widget\" data-widget_type=\"image.default\">\n\t\t\t\t<div class=\"elementor-widget-container\">\n\t\t\t\t\t\t\t\t\t\t\t\t\t\t\t<img loading=\"lazy\" decoding=\"async\" width=\"722\" height=\"722\" src=\"https:\/\/www.azureva-vacances.com\/wp-content\/uploads\/2024\/10\/activites-longeville-azureva.jpg\" class=\"attachment-large size-large wp-image-13593\" alt=\"nos activites a azureva longeville\u00a0\" srcset=\"https:\/\/www.azureva-vacances.com\/wp-content\/uploads\/2024\/10\/activites-longeville-azureva-mobile.avif 420w\" sizes=\"auto, (max-width: 420px) 100vw, 100vw\" loading=\"lazy\" \/>\t\t\t\t\t\t\t\t\t\t\t\t\t\t\t<\/div>\n\t\t\t\t<\/div>\n\t\t\t\t<\/div>\n\t\t<div class=\"elementor-element elementor-element-a98c6d0 e-con-full e-flex e-con e-child\" data-id=\"a98c6d0\" data-element_type=\"container\" data-settings=\"{&quot;jet_parallax_layout_list&quot;:[]}\">\n\t\t\t\t<div class=\"elementor-element elementor-element-a5f4db1 elementor-widget elementor-widget-heading\" data-id=\"a5f4db1\" data-element_type=\"widget\" data-widget_type=\"heading.default\">\n\t\t\t\t<div class=\"elementor-widget-container\">\n\t\t\t\t\t<h1 class=\"elementor-heading-title elementor-size-default\">Choisir un h\u00e9bergement pour un groupe scolaire<\/h1>\t\t\t\t<\/div>\n\t\t\t\t<\/div>\n\t\t\t\t<\/div>\n\t\t\t\t\t<\/div>\n\t\t\t\t<\/div>\n\t\t<div class=\"elementor-element elementor-element-05fd91c e-flex e-con-boxed e-con e-parent\" data-id=\"05fd91c\" data-element_type=\"container\" data-settings=\"{&quot;jet_parallax_layout_list&quot;:[]}\">\n\t\t\t\t\t<div class=\"e-con-inner\">\n\t\t\t\t<div class=\"elementor-element elementor-element-7711ddf elementor-widget elementor-widget-text-editor\" data-id=\"7711ddf\" data-element_type=\"widget\" data-widget_type=\"text-editor.default\">\n\t\t\t\t<div class=\"elementor-widget-container\">\n\t\t\t\t\t\t\t\t\t<h2>Azureva : h\u00e9bergement de votre groupe scolaire<\/h2><p>Depuis plus de 30 ans, Azureva organise des\u00a0vacances de groupes\u00a0\u00ab tout compris \u00bb dans ses clubs et r\u00e9sidences de vacances. Nous pouvons \u00e9galement vous proposer un\u00a0h\u00e9bergement pour les groupes scolaires.\u00a0<\/p><p>Pour l\u2019h\u00e9bergement de votre groupe scolaire, 12 sites parmi nos 27 destinations sont agr\u00e9\u00e9s pour l&#8217;accueil des groupes de mineurs. Nous vous accueillerons \u00e0 l\u2019occasion de votre s\u00e9jour scolaire en classe de mer, classe de neige ou classe verte :<\/p><ul><li>En bord de mer : Cap d\u2019Agde et Argel\u00e8s-sur-Mer&#8230;<\/li><li>A l&#8217;oc\u00e9an : Hossegor, Pornichet-Baie de la Baule, Ile d&#8217;Ol\u00e9ron, Ronce-les-bains&#8230;<\/li><li>A la neige : Bussang, Ar\u00eaches et Murol&#8230;<\/li><li>A la campagne : Fournols d\u2019Auvergne&#8230;<\/li><\/ul><p>Pour r\u00e9ussir les vacances de votre\u00a0groupe scolaire, nous vous proposons un encadrement par une \u00e9quipe d\u2019animation pendant toute la p\u00e9riode de votre\u00a0h\u00e9bergement\u00a0au sein de nos locations de vacances. Vous pourrez y pratiquer diff\u00e9rentes activit\u00e9s parmi les suivantes : randonn\u00e9es, natation, tennis, soir\u00e9e karaok\u00e9, &#8230;<\/p><h2 class=\"rich-text-title-2\">Pour plus d\u2019informations sur l\u2019h\u00e9bergement de votre groupe scolaire chez Azureva<\/h2><p>Nos\u00a0locations de vacances\u00a0pour l&#8217;h\u00e9bergement de groupes scolaires r\u00e9pondent \u00e0 la charte de qualit\u00e9 Loisirs De France. Ce label concerne autant le confort de l&#8217;h\u00e9bergement que la richesse de son environnement et la qualit\u00e9 des services et loisirs propos\u00e9s.\u00a0Votre groupe scolaire sera log\u00e9 dans un h\u00e9bergement de qualit\u00e9 disposant de chambres de capacit\u00e9 variable suivant les sites. Toutes nos chambres sont \u00e9quip\u00e9es de linges de toilette et de draps.<\/p>\t\t\t\t\t\t\t\t<\/div>\n\t\t\t\t<\/div>\n\t\t\t\t\t<\/div>\n\t\t\t\t<\/div>\n\t\t<div class=\"elementor-element elementor-element-120c9b0 e-flex e-con-boxed e-con e-parent\" data-id=\"120c9b0\" data-element_type=\"container\" data-settings=\"{&quot;jet_parallax_layout_list&quot;:[]}\">\n\t\t\t\t\t<div class=\"e-con-inner\">\n\t\t\t\t<div class=\"elementor-element elementor-element-e4c02cf elementor-widget elementor-widget-spacer\" data-id=\"e4c02cf\" data-element_type=\"widget\" data-widget_type=\"spacer.default\">\n\t\t\t\t<div class=\"elementor-widget-container\">\n\t\t\t\t\t\t\t<div class=\"elementor-spacer\">\n\t\t\t<div class=\"elementor-spacer-inner\"><\/div>\n\t\t<\/div>\n\t\t\t\t\t\t<\/div>\n\t\t\t\t<\/div>\n\t\t\t\t\t<\/div>\n\t\t\t\t<\/div>\n\t\t<div class=\"elementor-element elementor-element-1d59b8a e-flex e-con-boxed e-con e-parent\" data-id=\"1d59b8a\" data-element_type=\"container\" data-settings=\"{&quot;jet_parallax_layout_list&quot;:[]}\">\n\t\t\t\t\t<div class=\"e-con-inner\">\n\t\t\t\t<div class=\"elementor-element elementor-element-10a333c elementor-widget elementor-widget-text-editor\" data-id=\"10a333c\" data-element_type=\"widget\" data-widget_type=\"text-editor.default\">\n\t\t\t\t<div class=\"elementor-widget-container\">\n\t\t\t\t\t\t\t\t\t<h3>Nos autres articles sur les s\u00e9jours en groupe :<\/h3><ul><li><a href=\"https:\/\/www.azureva-vacances.com\/fr\/sejour-groupe\/\">Organiser un s\u00e9jour en groupe<\/a><\/li><li><a href=\"https:\/\/www.azureva-vacances.com\/fr\/sejour-groupe\/\">Location de vacances pour les groupes<\/a><\/li><\/ul>\t\t\t\t\t\t\t\t<\/div>\n\t\t\t\t<\/div>\n\t\t\t\t\t<\/div>\n\t\t\t\t<\/div>\n\t\t\t\t<\/div>\n\t\t","protected":false},"excerpt":{"rendered":"<p>Choisir un h\u00e9bergement pour un groupe scolaire Azureva : h\u00e9bergement de votre groupe scolaire Depuis plus de 30 ans, Azureva organise des\u00a0vacances de groupes\u00a0\u00ab tout compris \u00bb dans ses clubs et r\u00e9sidences de vacances. Nous pouvons \u00e9galement vous proposer un\u00a0h\u00e9bergement pour les groupes scolaires.\u00a0 Pour l\u2019h\u00e9bergement de votre groupe scolaire, 12 sites parmi nos 27 [&hellip;]<\/p>\n","protected":false},"author":4,"featured_media":0,"parent":16254,"menu_order":0,"comment_status":"closed","ping_status":"closed","template":"","meta":{"_acf_changed":false,"_yoast_wpseo_focuskw":"","_yoast_wpseo_metadesc":"Organisez vos classes de d\u00e9couverte en bord de mer, en milieu rural ou en montagne. Accueil des \u00e9l\u00e8ves en villages vacances.","rank_math_description":"","rank_math_title":"","rank_math_focus_keyword":"","footnotes":""},"class_list":["post-16305","page","type-page","status-publish","hentry"],"acf":[],"yoast_head":"<!-- This site is optimized with the Yoast SEO plugin v27.3 - https:\/\/yoast.com\/product\/yoast-seo-wordpress\/ -->\n<title>H\u00e9bergement groupe scolaire - Azureva Vacances en France<\/title>\n<meta name=\"description\" content=\"Organisez vos classes de d\u00e9couverte en bord de mer, en milieu rural ou en montagne. Accueil des \u00e9l\u00e8ves en villages vacances.\" \/>\n<meta name=\"robots\" content=\"index, follow, max-snippet:-1, max-image-preview:large, max-video-preview:-1\" \/>\n<link rel=\"canonical\" href=\"https:\/\/www.azureva-vacances.com\/fr\/sejour-groupe\/hebergement-groupe-scolaire\/\" \/>\n<meta property=\"og:locale\" content=\"fr_FR\" \/>\n<meta property=\"og:type\" content=\"article\" \/>\n<meta property=\"og:title\" content=\"H\u00e9bergement groupe scolaire - Azureva Vacances en France\" \/>\n<meta property=\"og:description\" content=\"Organisez vos classes de d\u00e9couverte en bord de mer, en milieu rural ou en montagne. Accueil des \u00e9l\u00e8ves en villages vacances.\" \/>\n<meta property=\"og:url\" content=\"https:\/\/www.azureva-vacances.com\/fr\/sejour-groupe\/hebergement-groupe-scolaire\/\" \/>\n<meta property=\"og:site_name\" content=\"Azureva Vacances en France\" \/>\n<meta property=\"article:publisher\" content=\"https:\/\/www.facebook.com\/AzurevaVacances\/\" \/>\n<meta property=\"article:modified_time\" content=\"2025-09-24T13:02:08+00:00\" \/>\n<meta property=\"og:image\" content=\"https:\/\/www.azureva-vacances.com\/wp-content\/uploads\/2024\/10\/activites-longeville-azureva.jpg\" \/>\n<meta name=\"twitter:card\" content=\"summary_large_image\" \/>\n<meta name=\"twitter:label1\" content=\"Est. reading time\" \/>\n\t<meta name=\"twitter:data1\" content=\"2 minutes\" \/>\n<script type=\"application\/ld+json\" class=\"yoast-schema-graph\">{\"@context\":\"https:\\\/\\\/schema.org\",\"@graph\":[{\"@type\":\"WebPage\",\"@id\":\"https:\\\/\\\/www.azureva-vacances.com\\\/fr\\\/sejour-groupe\\\/hebergement-groupe-scolaire\\\/\",\"url\":\"https:\\\/\\\/www.azureva-vacances.com\\\/fr\\\/sejour-groupe\\\/hebergement-groupe-scolaire\\\/\",\"name\":\"H\u00e9bergement groupe scolaire - Azureva Vacances en France\",\"isPartOf\":{\"@id\":\"https:\\\/\\\/www.azureva-vacances.com\\\/fr\\\/#website\"},\"primaryImageOfPage\":{\"@id\":\"https:\\\/\\\/www.azureva-vacances.com\\\/fr\\\/sejour-groupe\\\/hebergement-groupe-scolaire\\\/#primaryimage\"},\"image\":{\"@id\":\"https:\\\/\\\/www.azureva-vacances.com\\\/fr\\\/sejour-groupe\\\/hebergement-groupe-scolaire\\\/#primaryimage\"},\"thumbnailUrl\":\"https:\\\/\\\/www.azureva-vacances.com\\\/wp-content\\\/uploads\\\/2024\\\/10\\\/activites-longeville-azureva.jpg\",\"datePublished\":\"2025-03-04T11:18:48+00:00\",\"dateModified\":\"2025-09-24T13:02:08+00:00\",\"description\":\"Organisez vos classes de d\u00e9couverte en bord de mer, en milieu rural ou en montagne. Accueil des \u00e9l\u00e8ves en villages vacances.\",\"breadcrumb\":{\"@id\":\"https:\\\/\\\/www.azureva-vacances.com\\\/fr\\\/sejour-groupe\\\/hebergement-groupe-scolaire\\\/#breadcrumb\"},\"inLanguage\":\"fr\",\"potentialAction\":[{\"@type\":\"ReadAction\",\"target\":[\"https:\\\/\\\/www.azureva-vacances.com\\\/fr\\\/sejour-groupe\\\/hebergement-groupe-scolaire\\\/\"]}]},{\"@type\":\"ImageObject\",\"inLanguage\":\"fr\",\"@id\":\"https:\\\/\\\/www.azureva-vacances.com\\\/fr\\\/sejour-groupe\\\/hebergement-groupe-scolaire\\\/#primaryimage\",\"url\":\"https:\\\/\\\/www.azureva-vacances.com\\\/wp-content\\\/uploads\\\/2024\\\/10\\\/activites-longeville-azureva.jpg\",\"contentUrl\":\"https:\\\/\\\/www.azureva-vacances.com\\\/wp-content\\\/uploads\\\/2024\\\/10\\\/activites-longeville-azureva.jpg\"},{\"@type\":\"BreadcrumbList\",\"@id\":\"https:\\\/\\\/www.azureva-vacances.com\\\/fr\\\/sejour-groupe\\\/hebergement-groupe-scolaire\\\/#breadcrumb\",\"itemListElement\":[{\"@type\":\"ListItem\",\"position\":1,\"name\":\"Accueil\",\"item\":\"https:\\\/\\\/www.azureva-vacances.com\\\/fr\\\/\"},{\"@type\":\"ListItem\",\"position\":2,\"name\":\"S\u00e9jour en groupe\",\"item\":\"https:\\\/\\\/www.azureva-vacances.com\\\/fr\\\/sejour-groupe\\\/\"},{\"@type\":\"ListItem\",\"position\":3,\"name\":\"H\u00e9bergement groupe scolaire\"}]},{\"@type\":\"WebSite\",\"@id\":\"https:\\\/\\\/www.azureva-vacances.com\\\/fr\\\/#website\",\"url\":\"https:\\\/\\\/www.azureva-vacances.com\\\/fr\\\/\",\"name\":\"Azureva Vacances\",\"description\":\"\",\"publisher\":{\"@id\":\"https:\\\/\\\/www.azureva-vacances.com\\\/fr\\\/#organization\"},\"potentialAction\":[{\"@type\":\"SearchAction\",\"target\":{\"@type\":\"EntryPoint\",\"urlTemplate\":\"https:\\\/\\\/www.azureva-vacances.com\\\/fr\\\/?s={search_term_string}\"},\"query-input\":{\"@type\":\"PropertyValueSpecification\",\"valueRequired\":true,\"valueName\":\"search_term_string\"}}],\"inLanguage\":\"fr\"},{\"@type\":\"Organization\",\"@id\":\"https:\\\/\\\/www.azureva-vacances.com\\\/fr\\\/#organization\",\"name\":\"Azureva Vacances\",\"url\":\"https:\\\/\\\/www.azureva-vacances.com\\\/fr\\\/\",\"logo\":{\"@type\":\"ImageObject\",\"inLanguage\":\"fr\",\"@id\":\"https:\\\/\\\/www.azureva-vacances.com\\\/fr\\\/#\\\/schema\\\/logo\\\/image\\\/\",\"url\":\"https:\\\/\\\/www.azureva-vacances.com\\\/wp-content\\\/uploads\\\/2025\\\/01\\\/logo.svg\",\"contentUrl\":\"https:\\\/\\\/www.azureva-vacances.com\\\/wp-content\\\/uploads\\\/2025\\\/01\\\/logo.svg\",\"caption\":\"Azureva Vacances\"},\"image\":{\"@id\":\"https:\\\/\\\/www.azureva-vacances.com\\\/fr\\\/#\\\/schema\\\/logo\\\/image\\\/\"},\"sameAs\":[\"https:\\\/\\\/www.facebook.com\\\/AzurevaVacances\\\/\",\"https:\\\/\\\/www.instagram.com\\\/azurevavacances\\\/\",\"https:\\\/\\\/www.tiktok.com\\\/@azureva_vacances\",\"https:\\\/\\\/www.youtube.com\\\/user\\\/vacancesazureva\",\"https:\\\/\\\/www.linkedin.com\\\/company\\\/azureva\\\/mycompany\\\/\"]}]}<\/script>\n<!-- \/ Yoast SEO plugin. -->","yoast_head_json":{"title":"H\u00e9bergement groupe scolaire - Azureva Vacances en France","description":"Organisez vos classes de d\u00e9couverte en bord de mer, en milieu rural ou en montagne. Accueil des \u00e9l\u00e8ves en villages vacances.","robots":{"index":"index","follow":"follow","max-snippet":"max-snippet:-1","max-image-preview":"max-image-preview:large","max-video-preview":"max-video-preview:-1"},"canonical":"https:\/\/www.azureva-vacances.com\/fr\/sejour-groupe\/hebergement-groupe-scolaire\/","og_locale":"fr_FR","og_type":"article","og_title":"H\u00e9bergement groupe scolaire - Azureva Vacances en France","og_description":"Organisez vos classes de d\u00e9couverte en bord de mer, en milieu rural ou en montagne. Accueil des \u00e9l\u00e8ves en villages vacances.","og_url":"https:\/\/www.azureva-vacances.com\/fr\/sejour-groupe\/hebergement-groupe-scolaire\/","og_site_name":"Azureva Vacances en France","article_publisher":"https:\/\/www.facebook.com\/AzurevaVacances\/","article_modified_time":"2025-09-24T13:02:08+00:00","og_image":[{"url":"https:\/\/www.azureva-vacances.com\/wp-content\/uploads\/2024\/10\/activites-longeville-azureva.jpg","type":"","width":"","height":""}],"twitter_card":"summary_large_image","twitter_misc":{"Est. reading time":"2 minutes"},"schema":{"@context":"https:\/\/schema.org","@graph":[{"@type":"WebPage","@id":"https:\/\/www.azureva-vacances.com\/fr\/sejour-groupe\/hebergement-groupe-scolaire\/","url":"https:\/\/www.azureva-vacances.com\/fr\/sejour-groupe\/hebergement-groupe-scolaire\/","name":"H\u00e9bergement groupe scolaire - Azureva Vacances en France","isPartOf":{"@id":"https:\/\/www.azureva-vacances.com\/fr\/#website"},"primaryImageOfPage":{"@id":"https:\/\/www.azureva-vacances.com\/fr\/sejour-groupe\/hebergement-groupe-scolaire\/#primaryimage"},"image":{"@id":"https:\/\/www.azureva-vacances.com\/fr\/sejour-groupe\/hebergement-groupe-scolaire\/#primaryimage"},"thumbnailUrl":"https:\/\/www.azureva-vacances.com\/wp-content\/uploads\/2024\/10\/activites-longeville-azureva.jpg","datePublished":"2025-03-04T11:18:48+00:00","dateModified":"2025-09-24T13:02:08+00:00","description":"Organisez vos classes de d\u00e9couverte en bord de mer, en milieu rural ou en montagne. Accueil des \u00e9l\u00e8ves en villages vacances.","breadcrumb":{"@id":"https:\/\/www.azureva-vacances.com\/fr\/sejour-groupe\/hebergement-groupe-scolaire\/#breadcrumb"},"inLanguage":"fr","potentialAction":[{"@type":"ReadAction","target":["https:\/\/www.azureva-vacances.com\/fr\/sejour-groupe\/hebergement-groupe-scolaire\/"]}]},{"@type":"ImageObject","inLanguage":"fr","@id":"https:\/\/www.azureva-vacances.com\/fr\/sejour-groupe\/hebergement-groupe-scolaire\/#primaryimage","url":"https:\/\/www.azureva-vacances.com\/wp-content\/uploads\/2024\/10\/activites-longeville-azureva.jpg","contentUrl":"https:\/\/www.azureva-vacances.com\/wp-content\/uploads\/2024\/10\/activites-longeville-azureva.jpg"},{"@type":"BreadcrumbList","@id":"https:\/\/www.azureva-vacances.com\/fr\/sejour-groupe\/hebergement-groupe-scolaire\/#breadcrumb","itemListElement":[{"@type":"ListItem","position":1,"name":"Accueil","item":"https:\/\/www.azureva-vacances.com\/fr\/"},{"@type":"ListItem","position":2,"name":"S\u00e9jour en groupe","item":"https:\/\/www.azureva-vacances.com\/fr\/sejour-groupe\/"},{"@type":"ListItem","position":3,"name":"H\u00e9bergement groupe scolaire"}]},{"@type":"WebSite","@id":"https:\/\/www.azureva-vacances.com\/fr\/#website","url":"https:\/\/www.azureva-vacances.com\/fr\/","name":"Azureva Vacances","description":"","publisher":{"@id":"https:\/\/www.azureva-vacances.com\/fr\/#organization"},"potentialAction":[{"@type":"SearchAction","target":{"@type":"EntryPoint","urlTemplate":"https:\/\/www.azureva-vacances.com\/fr\/?s={search_term_string}"},"query-input":{"@type":"PropertyValueSpecification","valueRequired":true,"valueName":"search_term_string"}}],"inLanguage":"fr"},{"@type":"Organization","@id":"https:\/\/www.azureva-vacances.com\/fr\/#organization","name":"Azureva Vacances","url":"https:\/\/www.azureva-vacances.com\/fr\/","logo":{"@type":"ImageObject","inLanguage":"fr","@id":"https:\/\/www.azureva-vacances.com\/fr\/#\/schema\/logo\/image\/","url":"https:\/\/www.azureva-vacances.com\/wp-content\/uploads\/2025\/01\/logo.svg","contentUrl":"https:\/\/www.azureva-vacances.com\/wp-content\/uploads\/2025\/01\/logo.svg","caption":"Azureva Vacances"},"image":{"@id":"https:\/\/www.azureva-vacances.com\/fr\/#\/schema\/logo\/image\/"},"sameAs":["https:\/\/www.facebook.com\/AzurevaVacances\/","https:\/\/www.instagram.com\/azurevavacances\/","https:\/\/www.tiktok.com\/@azureva_vacances","https:\/\/www.youtube.com\/user\/vacancesazureva","https:\/\/www.linkedin.com\/company\/azureva\/mycompany\/"]}]}},"_links":{"self":[{"href":"https:\/\/www.azureva-vacances.com\/fr\/wp-json\/wp\/v2\/pages\/16305","targetHints":{"allow":["GET"]}}],"collection":[{"href":"https:\/\/www.azureva-vacances.com\/fr\/wp-json\/wp\/v2\/pages"}],"about":[{"href":"https:\/\/www.azureva-vacances.com\/fr\/wp-json\/wp\/v2\/types\/page"}],"author":[{"embeddable":true,"href":"https:\/\/www.azureva-vacances.com\/fr\/wp-json\/wp\/v2\/users\/4"}],"replies":[{"embeddable":true,"href":"https:\/\/www.azureva-vacances.com\/fr\/wp-json\/wp\/v2\/comments?post=16305"}],"version-history":[{"count":2,"href":"https:\/\/www.azureva-vacances.com\/fr\/wp-json\/wp\/v2\/pages\/16305\/revisions"}],"predecessor-version":[{"id":40525,"href":"https:\/\/www.azureva-vacances.com\/fr\/wp-json\/wp\/v2\/pages\/16305\/revisions\/40525"}],"up":[{"embeddable":true,"href":"https:\/\/www.azureva-vacances.com\/fr\/wp-json\/wp\/v2\/pages\/16254"}],"wp:attachment":[{"href":"https:\/\/www.azureva-vacances.com\/fr\/wp-json\/wp\/v2\/media?parent=16305"}],"curies":[{"name":"wp","href":"https:\/\/api.w.org\/{rel}","templated":true}]}}