{"id":14616,"date":"2025-02-19T12:23:18","date_gmt":"2025-02-19T11:23:18","guid":{"rendered":"https:\/\/azvitrine.ecdev.fr\/?page_id=14616"},"modified":"2025-05-27T17:12:40","modified_gmt":"2025-05-27T15:12:40","slug":"garanties-assurances","status":"publish","type":"page","link":"https:\/\/www.azureva-vacances.com\/fr\/garanties-assurances\/","title":{"rendered":"Garanties et Assurances"},"content":{"rendered":"\t\t<div data-elementor-type=\"wp-page\" data-elementor-id=\"14616\" class=\"elementor elementor-14616\" data-elementor-post-type=\"page\">\n\t\t\t\t<div class=\"elementor-element elementor-element-2904a83 e-con-full e-flex e-con e-parent\" data-id=\"2904a83\" data-element_type=\"container\" data-e-type=\"container\" data-settings=\"{&quot;jet_parallax_layout_list&quot;:[],&quot;background_background&quot;:&quot;classic&quot;}\">\n\t\t\t\t<div class=\"elementor-element elementor-element-70e0ca5 elementor-align-center elementor-widget elementor-widget-raven-heading\" data-id=\"70e0ca5\" data-element_type=\"widget\" data-e-type=\"widget\" data-widget_type=\"raven-heading.default\">\n\t\t\t\t<div class=\"elementor-widget-container\">\n\t\t\t\t\t\t\t<div class=\"raven-widget-wrapper\"><h1 class=\"raven-heading raven-heading-h1\"><span class=\"raven-heading-title \">Garanties<br><b> et Assurances<\/b><\/span><\/h1><\/div>\n\t\t\t\t\t\t<\/div>\n\t\t\t\t<\/div>\n\t\t\t\t<\/div>\n\t\t<div class=\"elementor-element elementor-element-8e14094 e-con-full e-flex e-con e-parent\" data-id=\"8e14094\" data-element_type=\"container\" data-e-type=\"container\" data-settings=\"{&quot;jet_parallax_layout_list&quot;:[]}\">\n\t\t\t\t<div class=\"elementor-element elementor-element-b0b982c elementor-widget elementor-widget-template\" data-id=\"b0b982c\" data-element_type=\"widget\" data-e-type=\"widget\" data-widget_type=\"template.default\">\n\t\t\t\t<div class=\"elementor-widget-container\">\n\t\t\t\t\t\t\t<div class=\"elementor-template\">\n\t\t\t\t\t<div data-elementor-type=\"container\" data-elementor-id=\"1114\" class=\"elementor elementor-1114\" data-elementor-post-type=\"elementor_library\">\n\t\t\t\t<div class=\"elementor-element elementor-element-3c75a42e e-con-full e-flex e-con e-child\" data-id=\"3c75a42e\" data-element_type=\"container\" data-e-type=\"container\" data-settings=\"{&quot;jet_parallax_layout_list&quot;:[],&quot;background_background&quot;:&quot;classic&quot;}\">\n\t\t\t\t<div class=\"elementor-element elementor-element-bf4d2f3 elementor-widget elementor-widget-breadcrumbs\" data-id=\"bf4d2f3\" data-element_type=\"widget\" data-e-type=\"widget\" data-widget_type=\"breadcrumbs.default\">\n\t\t\t\t<div class=\"elementor-widget-container\">\n\t\t\t\t\t<p id=\"breadcrumbs\"><span><span><a href=\"https:\/\/www.azureva-vacances.com\/fr\/\">Accueil<\/a><\/span><\/span><\/p>\t\t\t\t<\/div>\n\t\t\t\t<\/div>\n\t\t\t\t<\/div>\n\t\t\t\t<\/div>\n\t\t\t\t<\/div>\n\t\t\t\t\t\t<\/div>\n\t\t\t\t<\/div>\n\t\t\t\t<\/div>\n\t\t<div class=\"elementor-element elementor-element-540e954 e-grid e-con-boxed e-con e-parent\" data-id=\"540e954\" data-element_type=\"container\" data-e-type=\"container\" data-settings=\"{&quot;jet_parallax_layout_list&quot;:[]}\">\n\t\t\t\t\t<div class=\"e-con-inner\">\n\t\t\t\t<div class=\"elementor-element elementor-element-a3875bb elementor-widget elementor-widget-image\" data-id=\"a3875bb\" data-element_type=\"widget\" data-e-type=\"widget\" data-widget_type=\"image.default\">\n\t\t\t\t<div class=\"elementor-widget-container\">\n\t\t\t\t\t\t\t\t\t\t\t\t\t\t\t<img loading=\"lazy\" decoding=\"async\" width=\"820\" height=\"400\" src=\"https:\/\/www.azureva-vacances.com\/wp-content\/uploads\/2025\/02\/Garanties-et-assurances.jpg\" class=\"attachment-large size-large wp-image-14618\" alt=\"les garanties et assurances\" srcset=\"https:\/\/www.azureva-vacances.com\/wp-content\/uploads\/2025\/02\/Garanties-et-assurances-mobile.avif 420w\" sizes=\"auto, (max-width: 420px) 100vw, 100vw\" loading=\"lazy\" \/>\t\t\t\t\t\t\t\t\t\t\t\t\t\t\t<\/div>\n\t\t\t\t<\/div>\n\t\t\t\t<div class=\"elementor-element elementor-element-ca44f8c elementor-widget elementor-widget-text-editor\" data-id=\"ca44f8c\" data-element_type=\"widget\" data-e-type=\"widget\" data-widget_type=\"text-editor.default\">\n\t\t\t\t<div class=\"elementor-widget-container\">\n\t\t\t\t\t\t\t\t\t<h2>Pour des vacances sereines<\/h2><p>Nous avons souscrit aupr\u00e8s d&#8217;un assureur, un contrat dont vous trouverez ci-apr\u00e8s un r\u00e9sum\u00e9 des garanties.<\/p><p class=\"js-done\">Nous vous conseillons de souscrire ces garanties qui vous permettront de palier les al\u00e9as de la vie et les impr\u00e9vus.<\/p>\t\t\t\t\t\t\t\t<\/div>\n\t\t\t\t<\/div>\n\t\t\t\t\t<\/div>\n\t\t\t\t<\/div>\n\t\t<div class=\"elementor-element elementor-element-3fbf66c e-grid e-con-boxed e-con e-parent\" data-id=\"3fbf66c\" data-element_type=\"container\" data-e-type=\"container\" data-settings=\"{&quot;jet_parallax_layout_list&quot;:[]}\">\n\t\t\t\t\t<div class=\"e-con-inner\">\n\t\t\t\t<div class=\"elementor-element elementor-element-f01c199 elementor-widget elementor-widget-text-editor\" data-id=\"f01c199\" data-element_type=\"widget\" data-e-type=\"widget\" data-widget_type=\"text-editor.default\">\n\t\t\t\t<div class=\"elementor-widget-container\">\n\t\t\t\t\t\t\t\t\t<p><strong>ANNULATION, INTERRUPTION DE SEJOUR :<\/strong><\/p><ul><li>Frais d&#8217;annulation :\u00a0Selon conditions du bar\u00e8me des frais d\u2019annulation Maxi 7 000 \u20ac par personne et 40 000 \u20ac par \u00e9v\u00e9nement<\/li><li>Frais d&#8217;interruption de s\u00e9jour :\u00a0Remboursement des prestations terrestres\u00a0non utilis\u00e9es au Prorata temporis,\u00a0en cas de retour pr\u00e9matur\u00e9\u00a0avec un maximum de 7 000 \u20ac par personne\u00a0et 40 000 \u20ac par \u00e9v\u00e8nement<\/li><\/ul><p><strong>ASSISTANCE CARTE NEIGE et RESPONSABILITE CIVILE :<\/strong><\/p><p>ASSISTANCE RAPATRIEMENT<\/p><ul><li>Rapatriement ou transport sanitaire : Frais r\u00e9els<\/li><li>Accompagnement lors du rapatriement ou transport : Titre de transport<\/li><li>Pr\u00e9sence en cas d\u2019hospitalisation : Titre de transport<\/li><li>Prolongation de s\u00e9jour \u00e0 l\u2019h\u00f4tel : Frais d\u2019h\u00f4tel 60 \u20ac par jour et par personne maxi 10 jours<\/li><li>Frais h\u00f4teliers : Frais d\u2019h\u00f4tel 60 \u20ac par jour et par personne maxi 10 jours<\/li><li>Remboursement compl\u00e9mentaire des frais m\u00e9dicaux, chirurgicaux, pharmaceutiques et d\u2019hospitalisation en France : 30 000 \u20ac par personne<\/li><li>Franchise par dossier frais m\u00e9dicaux : 30 \u20ac<\/li><li>Soins dentaires d\u2019urgence : 300 \u20ac par personne<\/li><li>Transport du corps en cas de d\u00e9c\u00e8s :<ul><li>Rapatriement du corps : Frais r\u00e9els<\/li><li>Frais fun\u00e9raires n\u00e9cessaires au transport : 2 500 \u20ac par dossier<\/li><\/ul><\/li><li>Retour pr\u00e9matur\u00e9 : Titre de transport<\/li><li>Retour des enfants de moins de 15 ans : Titre de transport<\/li><li>Maladie ou accident d\u2019un de vos enfants mineurs ou handicap\u00e9s : Frais de transport<\/li><li>Avance des frais m\u00e9dicaux : Dans les limites de la garantie, Remboursement compl\u00e9mentaire des frais m\u00e9dicaux<\/li><li>Assistance juridique : 1 500 \u20ac par dossier<ul><li>Paiement d\u2019honoraires<\/li><li>Avance de la caution p\u00e9nale : 7 500 \u20ac par dossier<\/li><\/ul><\/li><\/ul><p>ASSISTANCE CARTE NEIGE<\/p><ul><li>Paiement des frais de recherche ou de secours : 10 000 \u20ac par \u00e9v\u00e8nement<\/li><li>Frais de secours sur piste de ski : Frais r\u00e9els, Maximum de 7 650 \u20ac par personne<\/li><li>Remboursement du forfait \u00ab remont\u00e9e m\u00e9canique \u00bb : Maximum 350 \u20ac par personne<\/li><li>Remboursement des cours de ski (si non remboursable par l\u2019\u00e9cole) : Maximum 350 \u20ac par personne<\/li><li>Frais d\u2019\u00e9vacuation : Maximum 10 000 \u20ac par \u00e9v\u00e8nement<\/li><li>Frais d\u2019ambulance : Frais r\u00e9els<\/li><li>Frais de retour \u00e0 la station : Frais r\u00e9els<\/li><li>Garde d\u2019enfant : 2 fois par jour, maximum 10 heures (frais r\u00e9els)<\/li><li>Aide-m\u00e9nag\u00e8re : 2 fois par jour, maximum 10 heures (frais r\u00e9els)<\/li><li>Conduite au cours de ski : 2 fois par jour, maximum 8 jours<\/li><li>Rapatriement du v\u00e9hicule : Frais r\u00e9els<\/li><\/ul><p>RESPONSABILIT\u00c9 CIVILE<\/p><ul><li>Dommages corporels, mat\u00e9riels et immat\u00e9riels : 4 500 000 \u20ac<\/li><li>Dommages mat\u00e9riels et immat\u00e9riels seuls : 75 000 \u20ac<\/li><li>Franchise par dossier : 80 \u20ac<\/li><\/ul><p>ASSURANCE FORFAIT REMONTEE MECANIQUE<\/p><ul><li>En cas d\u2019arr\u00eat des remont\u00e9es m\u00e9caniques ou de fermeture du domaine : Remboursement du forfait \u00abRemont\u00e9es M\u00e9caniques \u00bb non utilis\u00e9 au prorata temporis<br \/>Maxi 500 \u20ac par personne et 3 000 \u20ac par \u00e9v\u00e9nement<\/li><li>Franchise : 1 jour<\/li><\/ul><p>ASSURANCE MATERIEL DE SKI<\/p><ul><li>En cas de vol ou de bris du mat\u00e9riel vous appartenant ou ayant \u00e9t\u00e9 lou\u00e9 : Prise en charge de mat\u00e9riel de remplacement ou indemnisation de votre mat\u00e9riel personnel<br \/>Maxi 300 \u20ac par personne et 900 \u20ac par \u00e9v\u00e9nement<\/li><li>Franchise par dossier : 20 \u20ac<\/li><li>En cas de perte ou oubli du mat\u00e9riel de ski vous appartenant ou ayant \u00e9t\u00e9 lou\u00e9 : Prise en charge du mat\u00e9riel de remplacement<br \/>Maxi 100 \u20ac par personne, maximum 500 \u20ac par \u00e9v\u00e8nement<\/li><\/ul><p>IMPORTANT : ceci est un r\u00e9sum\u00e9 de garanties et n&#8217;a pas de valeur contractuelle.<\/p><ul><li><a href=\"https:\/\/media.azureva-vacances.com\/ressources\/pdf\/assurances\/Chaubet-Azureva-6704-Annulation-IS-Dec20-08-12b.pdf\" target=\"_blank\" rel=\"noopener\"><strong>T\u00e9l\u00e9chargez les garanties Annulation interruption de s\u00e9jour<\/strong><\/a><\/li><li><a href=\"https:\/\/media.azureva-vacances.com\/ressources\/pdf\/assurances\/Chaubet-Azureva-6706-AssisNeige-Dec20-08-12b.pdf\" target=\"_blank\" rel=\"noopener\"><strong>T\u00e9l\u00e9chargez les garanties Assistance Multirisque Neige<\/strong><\/a><\/li><\/ul>\t\t\t\t\t\t\t\t<\/div>\n\t\t\t\t<\/div>\n\t\t\t\t\t<\/div>\n\t\t\t\t<\/div>\n\t\t\t\t<\/div>\n\t\t","protected":false},"excerpt":{"rendered":"<p>Garanties et Assurances Pour des vacances sereines Nous avons souscrit aupr\u00e8s d&#8217;un assureur, un contrat dont vous trouverez ci-apr\u00e8s un r\u00e9sum\u00e9 des garanties. Nous vous conseillons de souscrire ces garanties qui vous permettront de palier les al\u00e9as de la vie et les impr\u00e9vus. ANNULATION, INTERRUPTION DE SEJOUR : Frais d&#8217;annulation :\u00a0Selon conditions du bar\u00e8me des [&hellip;]<\/p>\n","protected":false},"author":4,"featured_media":0,"parent":0,"menu_order":0,"comment_status":"closed","ping_status":"closed","template":"full-width.php","meta":{"_acf_changed":false,"_yoast_wpseo_focuskw":"","_yoast_wpseo_metadesc":"Pour des vacances en toute s\u00e9r\u00e9nit\u00e9, d\u00e9couvrez notre contrat d'assurance et nos garanties.","rank_math_description":"","rank_math_title":"","rank_math_focus_keyword":"","footnotes":""},"class_list":["post-14616","page","type-page","status-publish","hentry"],"acf":[],"yoast_head":"<!-- This site is optimized with the Yoast SEO plugin v27.5 - https:\/\/yoast.com\/product\/yoast-seo-wordpress\/ -->\n<title>Garanties et Assurances - Azureva Vacances en France<\/title>\n<meta name=\"description\" content=\"Pour des vacances en toute s\u00e9r\u00e9nit\u00e9, d\u00e9couvrez notre contrat d&#039;assurance et nos garanties.\" \/>\n<meta name=\"robots\" content=\"index, follow, max-snippet:-1, max-image-preview:large, max-video-preview:-1\" \/>\n<link rel=\"canonical\" href=\"https:\/\/www.azureva-vacances.com\/fr\/garanties-assurances\/\" \/>\n<meta property=\"og:locale\" content=\"fr_FR\" \/>\n<meta property=\"og:type\" content=\"article\" \/>\n<meta property=\"og:title\" content=\"Garanties et Assurances - Azureva Vacances en France\" \/>\n<meta property=\"og:description\" content=\"Pour des vacances en toute s\u00e9r\u00e9nit\u00e9, d\u00e9couvrez notre contrat d&#039;assurance et nos garanties.\" \/>\n<meta property=\"og:url\" content=\"https:\/\/www.azureva-vacances.com\/fr\/garanties-assurances\/\" \/>\n<meta property=\"og:site_name\" content=\"Azureva Vacances en France\" \/>\n<meta property=\"article:publisher\" content=\"https:\/\/www.facebook.com\/AzurevaVacances\/\" \/>\n<meta property=\"article:modified_time\" content=\"2025-05-27T15:12:40+00:00\" \/>\n<meta property=\"og:image\" content=\"https:\/\/www.azureva-vacances.com\/wp-content\/uploads\/2025\/02\/Garanties-et-assurances.jpg\" \/>\n<meta name=\"twitter:card\" content=\"summary_large_image\" \/>\n<meta name=\"twitter:label1\" content=\"Est. reading time\" \/>\n\t<meta name=\"twitter:data1\" content=\"4 minutes\" \/>\n<script type=\"application\/ld+json\" class=\"yoast-schema-graph\">{\"@context\":\"https:\\\/\\\/schema.org\",\"@graph\":[{\"@type\":\"WebPage\",\"@id\":\"https:\\\/\\\/www.azureva-vacances.com\\\/fr\\\/garanties-assurances\\\/\",\"url\":\"https:\\\/\\\/www.azureva-vacances.com\\\/fr\\\/garanties-assurances\\\/\",\"name\":\"Garanties et Assurances - Azureva Vacances en France\",\"isPartOf\":{\"@id\":\"https:\\\/\\\/www.azureva-vacances.com\\\/fr\\\/#website\"},\"primaryImageOfPage\":{\"@id\":\"https:\\\/\\\/www.azureva-vacances.com\\\/fr\\\/garanties-assurances\\\/#primaryimage\"},\"image\":{\"@id\":\"https:\\\/\\\/www.azureva-vacances.com\\\/fr\\\/garanties-assurances\\\/#primaryimage\"},\"thumbnailUrl\":\"https:\\\/\\\/www.azureva-vacances.com\\\/wp-content\\\/uploads\\\/2025\\\/02\\\/Garanties-et-assurances.jpg\",\"datePublished\":\"2025-02-19T11:23:18+00:00\",\"dateModified\":\"2025-05-27T15:12:40+00:00\",\"description\":\"Pour des vacances en toute s\u00e9r\u00e9nit\u00e9, d\u00e9couvrez notre contrat d'assurance et nos garanties.\",\"breadcrumb\":{\"@id\":\"https:\\\/\\\/www.azureva-vacances.com\\\/fr\\\/garanties-assurances\\\/#breadcrumb\"},\"inLanguage\":\"fr\",\"potentialAction\":[{\"@type\":\"ReadAction\",\"target\":[\"https:\\\/\\\/www.azureva-vacances.com\\\/fr\\\/garanties-assurances\\\/\"]}]},{\"@type\":\"ImageObject\",\"inLanguage\":\"fr\",\"@id\":\"https:\\\/\\\/www.azureva-vacances.com\\\/fr\\\/garanties-assurances\\\/#primaryimage\",\"url\":\"https:\\\/\\\/www.azureva-vacances.com\\\/wp-content\\\/uploads\\\/2025\\\/02\\\/Garanties-et-assurances.jpg\",\"contentUrl\":\"https:\\\/\\\/www.azureva-vacances.com\\\/wp-content\\\/uploads\\\/2025\\\/02\\\/Garanties-et-assurances.jpg\"},{\"@type\":\"BreadcrumbList\",\"@id\":\"https:\\\/\\\/www.azureva-vacances.com\\\/fr\\\/garanties-assurances\\\/#breadcrumb\",\"itemListElement\":[{\"@type\":\"ListItem\",\"position\":1,\"name\":\"Accueil\",\"item\":\"https:\\\/\\\/www.azureva-vacances.com\\\/fr\\\/\"},{\"@type\":\"ListItem\",\"position\":2,\"name\":\"Garanties et Assurances\"}]},{\"@type\":\"WebSite\",\"@id\":\"https:\\\/\\\/www.azureva-vacances.com\\\/fr\\\/#website\",\"url\":\"https:\\\/\\\/www.azureva-vacances.com\\\/fr\\\/\",\"name\":\"Azureva Vacances\",\"description\":\"\",\"publisher\":{\"@id\":\"https:\\\/\\\/www.azureva-vacances.com\\\/fr\\\/#organization\"},\"potentialAction\":[{\"@type\":\"SearchAction\",\"target\":{\"@type\":\"EntryPoint\",\"urlTemplate\":\"https:\\\/\\\/www.azureva-vacances.com\\\/fr\\\/?s={search_term_string}\"},\"query-input\":{\"@type\":\"PropertyValueSpecification\",\"valueRequired\":true,\"valueName\":\"search_term_string\"}}],\"inLanguage\":\"fr\"},{\"@type\":\"Organization\",\"@id\":\"https:\\\/\\\/www.azureva-vacances.com\\\/fr\\\/#organization\",\"name\":\"Azureva Vacances\",\"url\":\"https:\\\/\\\/www.azureva-vacances.com\\\/fr\\\/\",\"logo\":{\"@type\":\"ImageObject\",\"inLanguage\":\"fr\",\"@id\":\"https:\\\/\\\/www.azureva-vacances.com\\\/fr\\\/#\\\/schema\\\/logo\\\/image\\\/\",\"url\":\"https:\\\/\\\/www.azureva-vacances.com\\\/wp-content\\\/uploads\\\/2025\\\/01\\\/logo.svg\",\"contentUrl\":\"https:\\\/\\\/www.azureva-vacances.com\\\/wp-content\\\/uploads\\\/2025\\\/01\\\/logo.svg\",\"caption\":\"Azureva Vacances\"},\"image\":{\"@id\":\"https:\\\/\\\/www.azureva-vacances.com\\\/fr\\\/#\\\/schema\\\/logo\\\/image\\\/\"},\"sameAs\":[\"https:\\\/\\\/www.facebook.com\\\/AzurevaVacances\\\/\",\"https:\\\/\\\/www.instagram.com\\\/azurevavacances\\\/\",\"https:\\\/\\\/www.tiktok.com\\\/@azureva_vacances\",\"https:\\\/\\\/www.youtube.com\\\/user\\\/vacancesazureva\",\"https:\\\/\\\/www.linkedin.com\\\/company\\\/azureva\\\/mycompany\\\/\"]}]}<\/script>\n<!-- \/ Yoast SEO plugin. -->","yoast_head_json":{"title":"Garanties et Assurances - Azureva Vacances en France","description":"Pour des vacances en toute s\u00e9r\u00e9nit\u00e9, d\u00e9couvrez notre contrat d'assurance et nos garanties.","robots":{"index":"index","follow":"follow","max-snippet":"max-snippet:-1","max-image-preview":"max-image-preview:large","max-video-preview":"max-video-preview:-1"},"canonical":"https:\/\/www.azureva-vacances.com\/fr\/garanties-assurances\/","og_locale":"fr_FR","og_type":"article","og_title":"Garanties et Assurances - Azureva Vacances en France","og_description":"Pour des vacances en toute s\u00e9r\u00e9nit\u00e9, d\u00e9couvrez notre contrat d'assurance et nos garanties.","og_url":"https:\/\/www.azureva-vacances.com\/fr\/garanties-assurances\/","og_site_name":"Azureva Vacances en France","article_publisher":"https:\/\/www.facebook.com\/AzurevaVacances\/","article_modified_time":"2025-05-27T15:12:40+00:00","og_image":[{"url":"https:\/\/www.azureva-vacances.com\/wp-content\/uploads\/2025\/02\/Garanties-et-assurances.jpg","type":"","width":"","height":""}],"twitter_card":"summary_large_image","twitter_misc":{"Est. reading time":"4 minutes"},"schema":{"@context":"https:\/\/schema.org","@graph":[{"@type":"WebPage","@id":"https:\/\/www.azureva-vacances.com\/fr\/garanties-assurances\/","url":"https:\/\/www.azureva-vacances.com\/fr\/garanties-assurances\/","name":"Garanties et Assurances - Azureva Vacances en France","isPartOf":{"@id":"https:\/\/www.azureva-vacances.com\/fr\/#website"},"primaryImageOfPage":{"@id":"https:\/\/www.azureva-vacances.com\/fr\/garanties-assurances\/#primaryimage"},"image":{"@id":"https:\/\/www.azureva-vacances.com\/fr\/garanties-assurances\/#primaryimage"},"thumbnailUrl":"https:\/\/www.azureva-vacances.com\/wp-content\/uploads\/2025\/02\/Garanties-et-assurances.jpg","datePublished":"2025-02-19T11:23:18+00:00","dateModified":"2025-05-27T15:12:40+00:00","description":"Pour des vacances en toute s\u00e9r\u00e9nit\u00e9, d\u00e9couvrez notre contrat d'assurance et nos garanties.","breadcrumb":{"@id":"https:\/\/www.azureva-vacances.com\/fr\/garanties-assurances\/#breadcrumb"},"inLanguage":"fr","potentialAction":[{"@type":"ReadAction","target":["https:\/\/www.azureva-vacances.com\/fr\/garanties-assurances\/"]}]},{"@type":"ImageObject","inLanguage":"fr","@id":"https:\/\/www.azureva-vacances.com\/fr\/garanties-assurances\/#primaryimage","url":"https:\/\/www.azureva-vacances.com\/wp-content\/uploads\/2025\/02\/Garanties-et-assurances.jpg","contentUrl":"https:\/\/www.azureva-vacances.com\/wp-content\/uploads\/2025\/02\/Garanties-et-assurances.jpg"},{"@type":"BreadcrumbList","@id":"https:\/\/www.azureva-vacances.com\/fr\/garanties-assurances\/#breadcrumb","itemListElement":[{"@type":"ListItem","position":1,"name":"Accueil","item":"https:\/\/www.azureva-vacances.com\/fr\/"},{"@type":"ListItem","position":2,"name":"Garanties et Assurances"}]},{"@type":"WebSite","@id":"https:\/\/www.azureva-vacances.com\/fr\/#website","url":"https:\/\/www.azureva-vacances.com\/fr\/","name":"Azureva Vacances","description":"","publisher":{"@id":"https:\/\/www.azureva-vacances.com\/fr\/#organization"},"potentialAction":[{"@type":"SearchAction","target":{"@type":"EntryPoint","urlTemplate":"https:\/\/www.azureva-vacances.com\/fr\/?s={search_term_string}"},"query-input":{"@type":"PropertyValueSpecification","valueRequired":true,"valueName":"search_term_string"}}],"inLanguage":"fr"},{"@type":"Organization","@id":"https:\/\/www.azureva-vacances.com\/fr\/#organization","name":"Azureva Vacances","url":"https:\/\/www.azureva-vacances.com\/fr\/","logo":{"@type":"ImageObject","inLanguage":"fr","@id":"https:\/\/www.azureva-vacances.com\/fr\/#\/schema\/logo\/image\/","url":"https:\/\/www.azureva-vacances.com\/wp-content\/uploads\/2025\/01\/logo.svg","contentUrl":"https:\/\/www.azureva-vacances.com\/wp-content\/uploads\/2025\/01\/logo.svg","caption":"Azureva Vacances"},"image":{"@id":"https:\/\/www.azureva-vacances.com\/fr\/#\/schema\/logo\/image\/"},"sameAs":["https:\/\/www.facebook.com\/AzurevaVacances\/","https:\/\/www.instagram.com\/azurevavacances\/","https:\/\/www.tiktok.com\/@azureva_vacances","https:\/\/www.youtube.com\/user\/vacancesazureva","https:\/\/www.linkedin.com\/company\/azureva\/mycompany\/"]}]}},"_links":{"self":[{"href":"https:\/\/www.azureva-vacances.com\/fr\/wp-json\/wp\/v2\/pages\/14616","targetHints":{"allow":["GET"]}}],"collection":[{"href":"https:\/\/www.azureva-vacances.com\/fr\/wp-json\/wp\/v2\/pages"}],"about":[{"href":"https:\/\/www.azureva-vacances.com\/fr\/wp-json\/wp\/v2\/types\/page"}],"author":[{"embeddable":true,"href":"https:\/\/www.azureva-vacances.com\/fr\/wp-json\/wp\/v2\/users\/4"}],"replies":[{"embeddable":true,"href":"https:\/\/www.azureva-vacances.com\/fr\/wp-json\/wp\/v2\/comments?post=14616"}],"version-history":[{"count":0,"href":"https:\/\/www.azureva-vacances.com\/fr\/wp-json\/wp\/v2\/pages\/14616\/revisions"}],"wp:attachment":[{"href":"https:\/\/www.azureva-vacances.com\/fr\/wp-json\/wp\/v2\/media?parent=14616"}],"curies":[{"name":"wp","href":"https:\/\/api.w.org\/{rel}","templated":true}]}}