{"id":32361,"date":"2025-03-04T12:50:26","date_gmt":"2025-03-04T11:50:26","guid":{"rendered":"https:\/\/azvitrine.ecdev.fr\/family-vacations-in-france\/"},"modified":"2026-02-12T09:41:01","modified_gmt":"2026-02-12T08:41:01","slug":"family-vacations-in-france","status":"publish","type":"page","link":"https:\/\/www.azureva-vacances.com\/en\/family-vacations-in-france\/","title":{"rendered":"Family Holidays in France"},"content":{"rendered":"\t\t<div data-elementor-type=\"wp-page\" data-elementor-id=\"32361\" class=\"elementor elementor-32361 elementor-16394\" data-elementor-post-type=\"page\">\n\t\t\t\t<div class=\"elementor-element elementor-element-b66a531 e-con-full e-flex e-con e-parent\" data-id=\"b66a531\" data-element_type=\"container\" data-settings=\"{&quot;jet_parallax_layout_list&quot;:[],&quot;background_background&quot;:&quot;classic&quot;}\">\n\t\t\t\t<div class=\"elementor-element elementor-element-8648548 elementor-align-center elementor-widget elementor-widget-raven-heading\" data-id=\"8648548\" data-element_type=\"widget\" data-widget_type=\"raven-heading.default\">\n\t\t\t\t<div class=\"elementor-widget-container\">\n\t\t\t\t\t\t\t<div class=\"raven-widget-wrapper\"><h1 class=\"raven-heading raven-heading-h1\"><span class=\"raven-heading-title \">Family vacation<br><b> in France<\/b><\/span><\/h1><\/div>\n\t\t\t\t\t\t<\/div>\n\t\t\t\t<\/div>\n\t\t\t\t<\/div>\n\t\t<div class=\"elementor-element elementor-element-276f952 e-con-full e-flex e-con e-parent\" data-id=\"276f952\" data-element_type=\"container\" data-settings=\"{&quot;jet_parallax_layout_list&quot;:[]}\">\n\t\t\t\t<div class=\"elementor-element elementor-element-997f833 elementor-widget elementor-widget-breadcrumbs\" data-id=\"997f833\" data-element_type=\"widget\" data-widget_type=\"breadcrumbs.default\">\n\t\t\t\t<div class=\"elementor-widget-container\">\n\t\t\t\t\t<p id=\"breadcrumbs\"><span><span><a href=\"https:\/\/www.azureva-vacances.com\/en\/\">Home<\/a><\/span><\/span><\/p>\t\t\t\t<\/div>\n\t\t\t\t<\/div>\n\t\t\t\t<\/div>\n\t\t<div class=\"elementor-element elementor-element-d98d55d e-flex e-con-boxed e-con e-parent\" data-id=\"d98d55d\" data-element_type=\"container\" data-settings=\"{&quot;jet_parallax_layout_list&quot;:[]}\">\n\t\t\t\t\t<div class=\"e-con-inner\">\n\t\t<div class=\"elementor-element elementor-element-2cb8922 e-con-full e-flex e-con e-child\" data-id=\"2cb8922\" data-element_type=\"container\" data-settings=\"{&quot;jet_parallax_layout_list&quot;:[]}\">\n\t\t\t\t<div class=\"elementor-element elementor-element-1e8c806 elementor-widget elementor-widget-image\" data-id=\"1e8c806\" data-element_type=\"widget\" data-widget_type=\"image.default\">\n\t\t\t\t<div class=\"elementor-widget-container\">\n\t\t\t\t\t\t\t\t\t\t\t\t\t\t\t<img loading=\"lazy\" decoding=\"async\" width=\"820\" height=\"547\" src=\"https:\/\/www.azureva-vacances.com\/wp-content\/uploads\/2025\/03\/vacances-en-famille-en-France.jpg\" class=\"attachment-large size-large wp-image-16436\" alt=\"vacances en famille en France\" srcset=\"https:\/\/www.azureva-vacances.com\/wp-content\/uploads\/2025\/03\/vacances-en-famille-en-France.jpg 820w, https:\/\/www.azureva-vacances.com\/wp-content\/uploads\/2025\/03\/vacances-en-famille-en-France-300x200.jpg 300w, https:\/\/www.azureva-vacances.com\/wp-content\/uploads\/2025\/03\/vacances-en-famille-en-France-768x512.jpg 768w\" sizes=\"auto, (max-width: 820px) 100vw, 820px\" loading=\"lazy\" \/>\t\t\t\t\t\t\t\t\t\t\t\t\t\t\t<\/div>\n\t\t\t\t<\/div>\n\t\t\t\t<\/div>\n\t\t<div class=\"elementor-element elementor-element-da81c9b e-con-full e-flex e-con e-child\" data-id=\"da81c9b\" data-element_type=\"container\" data-settings=\"{&quot;jet_parallax_layout_list&quot;:[]}\">\n\t\t\t\t<div class=\"elementor-element elementor-element-5bf1547 elementor-widget elementor-widget-text-editor\" data-id=\"5bf1547\" data-element_type=\"widget\" data-widget_type=\"text-editor.default\">\n\t\t\t\t<div class=\"elementor-widget-container\">\n\t\t\t\t\t\t\t\t\t<h2 class=\"heading-1\">Ideas for family vacations in France<\/h2>\n<div class=\"introduction ornament\">\n<p class=\"js-done\">A family vacation in France means enjoying yourself just a few hours&#8217; drive from home! France is a country with a lot to offer: between the sea and ocean for swimming, the mountains for skiing and the countryside for relaxing, there&#8217;s plenty to keep you busy. So set off on an adventure with your family by exploring Azureva destinations that guarantee a change of scenery just a few kilometers from home.  <\/p>\n<\/div>\n\t\t\t\t\t\t\t\t<\/div>\n\t\t\t\t<\/div>\n\t\t\t\t<\/div>\n\t\t\t\t\t<\/div>\n\t\t\t\t<\/div>\n\t\t<div class=\"elementor-element elementor-element-6db99d2 e-flex e-con-boxed e-con e-parent\" data-id=\"6db99d2\" data-element_type=\"container\" data-settings=\"{&quot;jet_parallax_layout_list&quot;:[]}\">\n\t\t\t\t\t<div class=\"e-con-inner\">\n\t\t\t\t<div class=\"elementor-element elementor-element-de8be6f elementor-widget elementor-widget-text-editor\" data-id=\"de8be6f\" data-element_type=\"widget\" data-widget_type=\"text-editor.default\">\n\t\t\t\t<div class=\"elementor-widget-container\">\n\t\t\t\t\t\t\t\t\t<h3 class=\"rich-text-title-3\">France: A multitude of destinations for family vacations  <\/h3>\n<p>Surprise your children with the breathtaking cliffs of Brittany, the endless sandy beaches of the Vend\u00e9e, the high peaks of the Pyrenees, the eternal snows of the Alps, the rice fields of the Camargue, the medieval castles of the Auvergne, the mysterious forests of the Vosges.  <span style=\"color: var( --e-global-color-text ); text-align: var(--text-align);\">Or do your family members prefer thrills and spills? Then head for Anglet, Hossegor or Lacanau, which take on a Pacific feel thanks to the surfers who indulge in the pleasure of riding the waves. For a vacation away from the stress of the car, take your family to the island of Ol\u00e9ron, where cycling is king. The Spanish countryside is not far from Argel\u00e8s-sur-Mer in the Pyr\u00e9n\u00e9es-Orientales, where you can even hear the sound of flamenco music.     <\/span><span style=\"color: var( --e-global-color-text ); text-align: var(--text-align);\">Whatever your desire for a change of scenery or a taste of the exotic, France offers you the diversity of its horizons to satisfy your desire for discovery and excitement as a family. And landscapes aren&#8217;t the only advantage of a vacation in France: the heritage, culture and encounters in the various French regions also provide a refreshing sense of exile! So, for a holiday away from the beaten track, discover our many choices of family summer vacations.  <\/span><\/p>\n<h3 class=\"rich-text-title-3\">All-in-one family vacations with Azureva<\/h3>\n<p>Take a family vacation at an Azureva vacation club or residence in France&#8217;s most beautiful regions, so that all members of your tribe can enjoy their stay to the full. For children and teenagers, the residences have clubs that welcome young and old alike, from 3 to 17 years of age. It&#8217;s the perfect place to have fun with friends, with a variety of age-appropriate activities. Supervised by entertainers trained in welcoming children and teenagers, they&#8217;ll be in good hands!     <span style=\"color: var( --e-global-color-text ); text-align: var(--text-align);\">For a complete change of scenery, our themed villages offer fully immersive stays in captivating worlds: Middle Ages, Celtic culture, dance, extreme sports (surfing, paragliding, etc.), painting, sculpture, theater, etc. Animal-loving children will be delighted to be able to bring their dog along to our special doggie village. It&#8217;s great to be able to offer children a vacation they&#8217;ll love.    <\/span><span style=\"color: var( --e-global-color-text ); text-align: var(--text-align);\">It&#8217;s even better when children enjoy their vacations and parents can relax at the same time! That&#8217;s why Azureva has thought of adults too, with activities for older children on a multitude of themes: Zen, sport, well-being, etc. And for the ultimate in relaxation, Azureva vacation clubs, residences and themed villages offer full or half board. Now you&#8217;re ready for a real vacation, with no housework and no cooking: all you have to do is get your feet under the table and share a meal with your family. Your children can tell you all about their exploits, and you can enjoy your family vacation in France to the full!    <\/span><\/p>\n\t\t\t\t\t\t\t\t<\/div>\n\t\t\t\t<\/div>\n\t\t\t\t\t<\/div>\n\t\t\t\t<\/div>\n\t\t<div class=\"elementor-element elementor-element-9f0a999 e-flex e-con-boxed e-con e-parent\" data-id=\"9f0a999\" data-element_type=\"container\" data-settings=\"{&quot;jet_parallax_layout_list&quot;:[]}\">\n\t\t\t\t\t<div class=\"e-con-inner\">\n\t\t\t\t<div class=\"elementor-element elementor-element-3d6e159 elementor-widget elementor-widget-text-editor\" data-id=\"3d6e159\" data-element_type=\"widget\" data-widget_type=\"text-editor.default\">\n\t\t\t\t<div class=\"elementor-widget-container\">\n\t\t\t\t\t\t\t\t\t<h3 class=\"rich-text-title-2\">In a vacation village, vacations are for everyone<\/h3>\n<p>In a vacation village, everyone has fun (and not just the children). If you book a stay at Club Azureva, your children can make new friends and discover new fun activities adapted to their ages in the kids&#8217; and teens&#8217; clubs. And while they&#8217;re at it, you too can do what you like! If you go to the Azureva Anglet Theme Village, for example, while your children are being looked after by an activity leader, you can try your hand at some hair-raising activities: jet skiing, towed buoys, canyoning, kayak surfing, diving, surfing, rafting, Hawaiian pirogue&#8230; Do you want to take advantage of your vacation to relax? Enjoy the sound of the waves, relaxed, stretched out on the beach, and let go of any mental burden for an afternoon without children&#8230;    <\/p>\n<h3 class=\"rich-text-title-2\">A vacation village means peace of mind<\/h3>\n<p>All year round, you have to think about material contingencies: the shopping to do for dinner, then the preparation of dinner, the housework that awaits&#8230; And when the vacations arrive, it&#8217;s even worse, because you have to think about everything when it&#8217;s time to pack! Why not take a break? Opt for a stay in a vacation village to really unwind and let go. The whole point of a vacation is to put your worries aside. Even multitasking minds need a rest now and then. So book your vacation at a Club Azureva&#8230; Because in our vacation villages, we&#8217;ve thought of everything for you. Take the Azureva Les Karellis mountain vacation village in Savoie. There&#8217;s no need for a long list of &#8220;must-haves&#8221; &#8211; we&#8217;ll make you feel right at home. When you arrive, the beds are made, the towels are waiting for you in the bathroom, and you can have all your meals on a full-board basis if you decide to go on strike! And when it&#8217;s time to leave, there&#8217;s no need to rush everyone: cleaning is included in the price of your stay.         <\/p>\n<h3 class=\"rich-text-title-2\">Outside France&#8217;s vacation villages, the world is yours to discover<\/h3>\n<p>Azureva Clubs are located in the most beautiful regions of France. This means they offer holidays that reflect the area in which they are located. As there&#8217;s a whole world to discover outside the vacation village &#8211; even if you&#8217;re so comfortable there that you don&#8217;t want to leave &#8211; we organize &#8220;destination discovery&#8221; activities. You&#8217;ll be able to take a stroll and visit exceptional sites with your family or friends, while benefiting from the knowledge and enthusiasm of a Village Club activity leader or experienced guide. There&#8217;s a saying that travel makes you young. What it forgets to mention is that, at any age, travel brings a new perspective to life. In fact, travel invites discovery, and discovery leads to knowledge!      <\/p>\n<h3 class=\"rich-text-title-2\">Vacation villages designed for families<\/h3>\n<p>When you choose a family vacation destination, you want to be sure that the place is welcoming for your whole family. At Azureva, we&#8217;re proud to have been awarded the &#8220;Family Plus&#8221; label for several of our Clubs, Mountain Clubs and Theme Villages. This label is awarded to destinations that take special care of children&#8230; and their parents! Azureva&#8217;s Family Plus destinations offer a personalized welcome and entertainment for children and their parents, rates adapted to family composition, activities to enjoy as a family or on your own, and a multitude of on-site services for a vacation with peace of mind.   <\/p>\n<h3 class=\"rich-text-title-2\">Vacation villages: parting for better togetherness<\/h3>\n<p>Children&#8217;s clubs and activities for parents offer time for everyone to learn a new sport or hobby. But the ultimate aim of a vacation village stay is still to have fun together. Azureva&#8217;s Clubs and Theme Villages offer a wide variety of activities for the whole family to enjoy: mini-golf, swimming pools, bike rides, table tennis and more. And in the evening, everyone can enjoy a convivial meal in the Club or Village restaurant.   <\/p>\t\t\t\t\t\t\t\t<\/div>\n\t\t\t\t<\/div>\n\t\t\t\t\t<\/div>\n\t\t\t\t<\/div>\n\t\t\t\t<\/div>\n\t\t","protected":false},"excerpt":{"rendered":"<p>Family vacation in France Ideas for family vacations in France A family vacation in France means enjoying yourself just a few hours&#8217; drive from home! France is a country with a lot to offer: between the sea and ocean for swimming, the mountains for skiing and the countryside for relaxing, there&#8217;s plenty to keep you [&hellip;]<\/p>\n","protected":false},"author":4,"featured_media":0,"parent":0,"menu_order":0,"comment_status":"closed","ping_status":"closed","template":"full-width.php","meta":{"_acf_changed":false,"_yoast_wpseo_focuskw":"","_yoast_wpseo_metadesc":"Set off on an adventure in France with your family by exploring Azureva's vacation destinations, guaranteed to give you a change of scenery!","rank_math_description":"","rank_math_title":"","rank_math_focus_keyword":"","footnotes":""},"class_list":["post-32361","page","type-page","status-publish","hentry"],"acf":[],"yoast_head":"<!-- This site is optimized with the Yoast SEO plugin v27.3 - https:\/\/yoast.com\/product\/yoast-seo-wordpress\/ -->\n<title>Family Holidays in France - Azureva Vacances en France<\/title>\n<meta name=\"description\" content=\"Set off on an adventure in France with your family by exploring Azureva&#039;s vacation destinations, guaranteed to give you a change of scenery!\" \/>\n<meta name=\"robots\" content=\"index, follow, max-snippet:-1, max-image-preview:large, max-video-preview:-1\" \/>\n<link rel=\"canonical\" href=\"https:\/\/www.azureva-vacances.com\/en\/family-vacations-in-france\/\" \/>\n<meta property=\"og:locale\" content=\"en_US\" \/>\n<meta property=\"og:type\" content=\"article\" \/>\n<meta property=\"og:title\" content=\"Family Holidays in France - Azureva Vacances en France\" \/>\n<meta property=\"og:description\" content=\"Set off on an adventure in France with your family by exploring Azureva&#039;s vacation destinations, guaranteed to give you a change of scenery!\" \/>\n<meta property=\"og:url\" content=\"https:\/\/www.azureva-vacances.com\/en\/family-vacations-in-france\/\" \/>\n<meta property=\"og:site_name\" content=\"Azureva Vacances en France\" \/>\n<meta property=\"article:publisher\" content=\"https:\/\/www.facebook.com\/AzurevaVacances\/\" \/>\n<meta property=\"article:modified_time\" content=\"2026-02-12T08:41:01+00:00\" \/>\n<meta property=\"og:image\" content=\"https:\/\/www.azureva-vacances.com\/wp-content\/uploads\/2025\/03\/vacances-en-famille-en-France.jpg\" \/>\n\t<meta property=\"og:image:width\" content=\"820\" \/>\n\t<meta property=\"og:image:height\" content=\"547\" \/>\n\t<meta property=\"og:image:type\" content=\"image\/jpeg\" \/>\n<meta name=\"twitter:card\" content=\"summary_large_image\" \/>\n<meta name=\"twitter:label1\" content=\"Est. reading time\" \/>\n\t<meta name=\"twitter:data1\" content=\"6 minutes\" \/>\n<script type=\"application\/ld+json\" class=\"yoast-schema-graph\">{\"@context\":\"https:\\\/\\\/schema.org\",\"@graph\":[{\"@type\":\"WebPage\",\"@id\":\"https:\\\/\\\/www.azureva-vacances.com\\\/en\\\/family-vacations-in-france\\\/\",\"url\":\"https:\\\/\\\/www.azureva-vacances.com\\\/en\\\/family-vacations-in-france\\\/\",\"name\":\"Family Holidays in France - Azureva Vacances en France\",\"isPartOf\":{\"@id\":\"https:\\\/\\\/www.azureva-vacances.com\\\/en\\\/#website\"},\"primaryImageOfPage\":{\"@id\":\"https:\\\/\\\/www.azureva-vacances.com\\\/en\\\/family-vacations-in-france\\\/#primaryimage\"},\"image\":{\"@id\":\"https:\\\/\\\/www.azureva-vacances.com\\\/en\\\/family-vacations-in-france\\\/#primaryimage\"},\"thumbnailUrl\":\"https:\\\/\\\/www.azureva-vacances.com\\\/wp-content\\\/uploads\\\/2025\\\/03\\\/vacances-en-famille-en-France.jpg\",\"datePublished\":\"2025-03-04T11:50:26+00:00\",\"dateModified\":\"2026-02-12T08:41:01+00:00\",\"description\":\"Set off on an adventure in France with your family by exploring Azureva's vacation destinations, guaranteed to give you a change of scenery!\",\"breadcrumb\":{\"@id\":\"https:\\\/\\\/www.azureva-vacances.com\\\/en\\\/family-vacations-in-france\\\/#breadcrumb\"},\"inLanguage\":\"en\",\"potentialAction\":[{\"@type\":\"ReadAction\",\"target\":[\"https:\\\/\\\/www.azureva-vacances.com\\\/en\\\/family-vacations-in-france\\\/\"]}]},{\"@type\":\"ImageObject\",\"inLanguage\":\"en\",\"@id\":\"https:\\\/\\\/www.azureva-vacances.com\\\/en\\\/family-vacations-in-france\\\/#primaryimage\",\"url\":\"https:\\\/\\\/www.azureva-vacances.com\\\/wp-content\\\/uploads\\\/2025\\\/03\\\/vacances-en-famille-en-France.jpg\",\"contentUrl\":\"https:\\\/\\\/www.azureva-vacances.com\\\/wp-content\\\/uploads\\\/2025\\\/03\\\/vacances-en-famille-en-France.jpg\"},{\"@type\":\"BreadcrumbList\",\"@id\":\"https:\\\/\\\/www.azureva-vacances.com\\\/en\\\/family-vacations-in-france\\\/#breadcrumb\",\"itemListElement\":[{\"@type\":\"ListItem\",\"position\":1,\"name\":\"Home\",\"item\":\"https:\\\/\\\/www.azureva-vacances.com\\\/en\\\/\"},{\"@type\":\"ListItem\",\"position\":2,\"name\":\"Family Holidays in France\"}]},{\"@type\":\"WebSite\",\"@id\":\"https:\\\/\\\/www.azureva-vacances.com\\\/en\\\/#website\",\"url\":\"https:\\\/\\\/www.azureva-vacances.com\\\/en\\\/\",\"name\":\"Azureva Vacances\",\"description\":\"\",\"publisher\":{\"@id\":\"https:\\\/\\\/www.azureva-vacances.com\\\/en\\\/#organization\"},\"potentialAction\":[{\"@type\":\"SearchAction\",\"target\":{\"@type\":\"EntryPoint\",\"urlTemplate\":\"https:\\\/\\\/www.azureva-vacances.com\\\/en\\\/?s={search_term_string}\"},\"query-input\":{\"@type\":\"PropertyValueSpecification\",\"valueRequired\":true,\"valueName\":\"search_term_string\"}}],\"inLanguage\":\"en\"},{\"@type\":\"Organization\",\"@id\":\"https:\\\/\\\/www.azureva-vacances.com\\\/en\\\/#organization\",\"name\":\"Azureva Vacances\",\"url\":\"https:\\\/\\\/www.azureva-vacances.com\\\/en\\\/\",\"logo\":{\"@type\":\"ImageObject\",\"inLanguage\":\"en\",\"@id\":\"https:\\\/\\\/www.azureva-vacances.com\\\/en\\\/#\\\/schema\\\/logo\\\/image\\\/\",\"url\":\"https:\\\/\\\/www.azureva-vacances.com\\\/wp-content\\\/uploads\\\/2025\\\/01\\\/logo.svg\",\"contentUrl\":\"https:\\\/\\\/www.azureva-vacances.com\\\/wp-content\\\/uploads\\\/2025\\\/01\\\/logo.svg\",\"caption\":\"Azureva Vacances\"},\"image\":{\"@id\":\"https:\\\/\\\/www.azureva-vacances.com\\\/en\\\/#\\\/schema\\\/logo\\\/image\\\/\"},\"sameAs\":[\"https:\\\/\\\/www.facebook.com\\\/AzurevaVacances\\\/\",\"https:\\\/\\\/www.instagram.com\\\/azurevavacances\\\/\",\"https:\\\/\\\/www.tiktok.com\\\/@azureva_vacances\",\"https:\\\/\\\/www.youtube.com\\\/user\\\/vacancesazureva\",\"https:\\\/\\\/www.linkedin.com\\\/company\\\/azureva\\\/mycompany\\\/\"]}]}<\/script>\n<!-- \/ Yoast SEO plugin. -->","yoast_head_json":{"title":"Family Holidays in France - Azureva Vacances en France","description":"Set off on an adventure in France with your family by exploring Azureva's vacation destinations, guaranteed to give you a change of scenery!","robots":{"index":"index","follow":"follow","max-snippet":"max-snippet:-1","max-image-preview":"max-image-preview:large","max-video-preview":"max-video-preview:-1"},"canonical":"https:\/\/www.azureva-vacances.com\/en\/family-vacations-in-france\/","og_locale":"en_US","og_type":"article","og_title":"Family Holidays in France - Azureva Vacances en France","og_description":"Set off on an adventure in France with your family by exploring Azureva's vacation destinations, guaranteed to give you a change of scenery!","og_url":"https:\/\/www.azureva-vacances.com\/en\/family-vacations-in-france\/","og_site_name":"Azureva Vacances en France","article_publisher":"https:\/\/www.facebook.com\/AzurevaVacances\/","article_modified_time":"2026-02-12T08:41:01+00:00","og_image":[{"width":820,"height":547,"url":"https:\/\/www.azureva-vacances.com\/wp-content\/uploads\/2025\/03\/vacances-en-famille-en-France.jpg","type":"image\/jpeg"}],"twitter_card":"summary_large_image","twitter_misc":{"Est. reading time":"6 minutes"},"schema":{"@context":"https:\/\/schema.org","@graph":[{"@type":"WebPage","@id":"https:\/\/www.azureva-vacances.com\/en\/family-vacations-in-france\/","url":"https:\/\/www.azureva-vacances.com\/en\/family-vacations-in-france\/","name":"Family Holidays in France - Azureva Vacances en France","isPartOf":{"@id":"https:\/\/www.azureva-vacances.com\/en\/#website"},"primaryImageOfPage":{"@id":"https:\/\/www.azureva-vacances.com\/en\/family-vacations-in-france\/#primaryimage"},"image":{"@id":"https:\/\/www.azureva-vacances.com\/en\/family-vacations-in-france\/#primaryimage"},"thumbnailUrl":"https:\/\/www.azureva-vacances.com\/wp-content\/uploads\/2025\/03\/vacances-en-famille-en-France.jpg","datePublished":"2025-03-04T11:50:26+00:00","dateModified":"2026-02-12T08:41:01+00:00","description":"Set off on an adventure in France with your family by exploring Azureva's vacation destinations, guaranteed to give you a change of scenery!","breadcrumb":{"@id":"https:\/\/www.azureva-vacances.com\/en\/family-vacations-in-france\/#breadcrumb"},"inLanguage":"en","potentialAction":[{"@type":"ReadAction","target":["https:\/\/www.azureva-vacances.com\/en\/family-vacations-in-france\/"]}]},{"@type":"ImageObject","inLanguage":"en","@id":"https:\/\/www.azureva-vacances.com\/en\/family-vacations-in-france\/#primaryimage","url":"https:\/\/www.azureva-vacances.com\/wp-content\/uploads\/2025\/03\/vacances-en-famille-en-France.jpg","contentUrl":"https:\/\/www.azureva-vacances.com\/wp-content\/uploads\/2025\/03\/vacances-en-famille-en-France.jpg"},{"@type":"BreadcrumbList","@id":"https:\/\/www.azureva-vacances.com\/en\/family-vacations-in-france\/#breadcrumb","itemListElement":[{"@type":"ListItem","position":1,"name":"Home","item":"https:\/\/www.azureva-vacances.com\/en\/"},{"@type":"ListItem","position":2,"name":"Family Holidays in France"}]},{"@type":"WebSite","@id":"https:\/\/www.azureva-vacances.com\/en\/#website","url":"https:\/\/www.azureva-vacances.com\/en\/","name":"Azureva Vacances","description":"","publisher":{"@id":"https:\/\/www.azureva-vacances.com\/en\/#organization"},"potentialAction":[{"@type":"SearchAction","target":{"@type":"EntryPoint","urlTemplate":"https:\/\/www.azureva-vacances.com\/en\/?s={search_term_string}"},"query-input":{"@type":"PropertyValueSpecification","valueRequired":true,"valueName":"search_term_string"}}],"inLanguage":"en"},{"@type":"Organization","@id":"https:\/\/www.azureva-vacances.com\/en\/#organization","name":"Azureva Vacances","url":"https:\/\/www.azureva-vacances.com\/en\/","logo":{"@type":"ImageObject","inLanguage":"en","@id":"https:\/\/www.azureva-vacances.com\/en\/#\/schema\/logo\/image\/","url":"https:\/\/www.azureva-vacances.com\/wp-content\/uploads\/2025\/01\/logo.svg","contentUrl":"https:\/\/www.azureva-vacances.com\/wp-content\/uploads\/2025\/01\/logo.svg","caption":"Azureva Vacances"},"image":{"@id":"https:\/\/www.azureva-vacances.com\/en\/#\/schema\/logo\/image\/"},"sameAs":["https:\/\/www.facebook.com\/AzurevaVacances\/","https:\/\/www.instagram.com\/azurevavacances\/","https:\/\/www.tiktok.com\/@azureva_vacances","https:\/\/www.youtube.com\/user\/vacancesazureva","https:\/\/www.linkedin.com\/company\/azureva\/mycompany\/"]}]}},"_links":{"self":[{"href":"https:\/\/www.azureva-vacances.com\/en\/wp-json\/wp\/v2\/pages\/32361","targetHints":{"allow":["GET"]}}],"collection":[{"href":"https:\/\/www.azureva-vacances.com\/en\/wp-json\/wp\/v2\/pages"}],"about":[{"href":"https:\/\/www.azureva-vacances.com\/en\/wp-json\/wp\/v2\/types\/page"}],"author":[{"embeddable":true,"href":"https:\/\/www.azureva-vacances.com\/en\/wp-json\/wp\/v2\/users\/4"}],"replies":[{"embeddable":true,"href":"https:\/\/www.azureva-vacances.com\/en\/wp-json\/wp\/v2\/comments?post=32361"}],"version-history":[{"count":1,"href":"https:\/\/www.azureva-vacances.com\/en\/wp-json\/wp\/v2\/pages\/32361\/revisions"}],"predecessor-version":[{"id":51952,"href":"https:\/\/www.azureva-vacances.com\/en\/wp-json\/wp\/v2\/pages\/32361\/revisions\/51952"}],"wp:attachment":[{"href":"https:\/\/www.azureva-vacances.com\/en\/wp-json\/wp\/v2\/media?parent=32361"}],"curies":[{"name":"wp","href":"https:\/\/api.w.org\/{rel}","templated":true}]}}